{"id":4847,"date":"2026-04-19T21:05:35","date_gmt":"2026-04-19T13:05:35","guid":{"rendered":"https:\/\/www.iroga3d.com\/?post_type=product&#038;p=4847"},"modified":"2026-04-19T22:29:32","modified_gmt":"2026-04-19T14:29:32","slug":"led-channel-letter-with-trimmed-face-made-by-3d-slicing-software-and-3d-printing-machine","status":"publish","type":"product","link":"https:\/\/www.iroga3d.com\/es\/producto\/led-channel-letter-with-trimmed-face-made-by-3d-slicing-software-and-3d-printing-machine\/","title":{"rendered":"Letra Corp\u00f3rea LED con Dos Colores en Frontal Cara por Software de Laminado 3D y M\u00e1quina de Impresi\u00f3n 3D"},"content":{"rendered":"<h2>Letra Corp\u00f3rea LED con Dos Colores en Frontal Cara por Software de Laminado 3D y M\u00e1quina de Impresi\u00f3n 3D<\/h2>\n<p>&nbsp;<\/p>\n<h3>Informaci\u00f3n B\u00e1sica de Letra Corp\u00f3rea LED<\/h3>\n<p>Se trata de una letra corp\u00f3rea en 3D impresi\u00f3n, es una letra fabricada tridimensionalmente con una estructura hueca (tipo canal), utilizada habitualmente tanto en exteriores como en interiores para r\u00f3tulos de escaparates, logotipos de marca, nombres comerciales, se\u00f1alizaci\u00f3n direccional, etc. Esta letra corp\u00f3rea iluminada se compone de tres partes: el panel frontal y la pared lateral (que constituyen una primera parte integral), el panel posterior (como segunda parte) y las tiras de luz LED (como tercera parte). El panel frontal presenta un acabado perfilado con dos colores distintos, negro opaco y azul transl\u00facido, la pared lateral es de un \u00fanico color negro opaco. Dado que la luz no puede atravesar el color opaco, pero s\u00ed el color transl\u00facido, esta letra corp\u00f3rea S ofrece una iluminaci\u00f3n frontal, pero no lateral ni posterior. No obstante, podemos fabricarla con iluminaci\u00f3n lateral o posterior si as\u00ed se requiere.<\/p>\n<p class=\"translation-block\">El panel frontal perfilado de dos colores no se fabrica mediante impresi\u00f3n UV, ni consiste en un panel de acr\u00edlico macizo, ni utiliza acr\u00edlico l\u00edquido con curado UV, se elabora mediante impresi\u00f3n 3D. La pared lateral de un solo color no se produce con una m\u00e1quina dobladora, sino que tambi\u00e9n se fabrica mediante impresi\u00f3n 3D. El panel posterior puede realizarse con una m\u00e1quina de corte l\u00e1ser a partir de una placa de PVC, o bien puede fabricarse tambi\u00e9n mediante impresi\u00f3n 3D. El material de impresi\u00f3n 3D utilizado, denominado <a href=\"https:\/\/www.iroga3d.com\/es\/categoria-producto\/3d-printing-filament\/\" target=\"_self\">filamento de impresi\u00f3n 3D<\/a> PETG-S, proviene de IROGA 3D, est\u00e1 dise\u00f1ado para la fabricaci\u00f3n de todo tipo de <a href=\"https:\/\/www.iroga3d.com\/es\/categoria-producto\/3d-printed-signage\/\" target=\"_self\">productos impresos en 3D<\/a> mediante el m\u00e9todo FDM, pero resulta especialmente id\u00f3neo para letras iluminadas y se\u00f1al\u00e9tica de exterior, dado que el PETG-S es resistente a la intemperie y ofrece un efecto de difusi\u00f3n lum\u00ednica perfecto para su uso con tiras y m\u00f3dulos LED.<\/p>\n<p><img fetchpriority=\"high\" decoding=\"async\" class=\"alignnone size-full wp-image-4841\" src=\"https:\/\/www.iroga3d.com\/wp-content\/uploads\/2026\/04\/Product-Trimmed-Letter-S-1.webp\" alt=\"\" width=\"1020\" height=\"574\" srcset=\"https:\/\/www.iroga3d.com\/wp-content\/uploads\/2026\/04\/Product-Trimmed-Letter-S-1.webp 1020w, https:\/\/www.iroga3d.com\/wp-content\/uploads\/2026\/04\/Product-Trimmed-Letter-S-1-300x169.webp 300w, https:\/\/www.iroga3d.com\/wp-content\/uploads\/2026\/04\/Product-Trimmed-Letter-S-1-768x432.webp 768w, https:\/\/www.iroga3d.com\/wp-content\/uploads\/2026\/04\/Product-Trimmed-Letter-S-1-18x10.webp 18w, https:\/\/www.iroga3d.com\/wp-content\/uploads\/2026\/04\/Product-Trimmed-Letter-S-1-500x281.webp 500w\" sizes=\"(max-width: 1020px) 100vw, 1020px\" \/><\/p>\n<p><img decoding=\"async\" class=\"alignnone size-full wp-image-4842\" src=\"https:\/\/www.iroga3d.com\/wp-content\/uploads\/2026\/04\/Product-Trimmed-Letter-S-2.webp\" alt=\"\" width=\"1020\" height=\"574\" srcset=\"https:\/\/www.iroga3d.com\/wp-content\/uploads\/2026\/04\/Product-Trimmed-Letter-S-2.webp 1020w, https:\/\/www.iroga3d.com\/wp-content\/uploads\/2026\/04\/Product-Trimmed-Letter-S-2-300x169.webp 300w, https:\/\/www.iroga3d.com\/wp-content\/uploads\/2026\/04\/Product-Trimmed-Letter-S-2-768x432.webp 768w, https:\/\/www.iroga3d.com\/wp-content\/uploads\/2026\/04\/Product-Trimmed-Letter-S-2-18x10.webp 18w, https:\/\/www.iroga3d.com\/wp-content\/uploads\/2026\/04\/Product-Trimmed-Letter-S-2-500x281.webp 500w\" sizes=\"(max-width: 1020px) 100vw, 1020px\" \/><\/p>\n<p><img decoding=\"async\" class=\"alignnone size-full wp-image-4843\" src=\"https:\/\/www.iroga3d.com\/wp-content\/uploads\/2026\/04\/Product-Trimmed-Letter-S-3.webp\" alt=\"\" width=\"1020\" height=\"574\" srcset=\"https:\/\/www.iroga3d.com\/wp-content\/uploads\/2026\/04\/Product-Trimmed-Letter-S-3.webp 1020w, https:\/\/www.iroga3d.com\/wp-content\/uploads\/2026\/04\/Product-Trimmed-Letter-S-3-300x169.webp 300w, https:\/\/www.iroga3d.com\/wp-content\/uploads\/2026\/04\/Product-Trimmed-Letter-S-3-768x432.webp 768w, https:\/\/www.iroga3d.com\/wp-content\/uploads\/2026\/04\/Product-Trimmed-Letter-S-3-18x10.webp 18w, https:\/\/www.iroga3d.com\/wp-content\/uploads\/2026\/04\/Product-Trimmed-Letter-S-3-500x281.webp 500w\" sizes=\"(max-width: 1020px) 100vw, 1020px\" \/><\/p>\n<p class=\"translation-block\">Como se ha mencionado anteriormente, esta letra S con reborde se fabrica mediante una <a href=\"https:\/\/www.iroga3d.com\/es\/categoria-producto\/3d-sign-printer\/\" target=\"_self\">m\u00e1quina de impresi\u00f3n 3D<\/a> que utiliza <a href=\"https:\/\/www.youtube.com\/playlist?list=PLp8FKuRYkuk3ObMt8JR7myBhfJyl09V9J\" rel=\"nofollow noopener\" target=\"_blank\">software de laminado 3D<\/a>, esto incluye tanto el panel frontal como la pared lateral, e incluso el panel posterior puede ser producido por la misma m\u00e1quina de impresi\u00f3n 3D si as\u00ed lo requiere. Esta m\u00e1quina de impresi\u00f3n 3D tambi\u00e9n conocida como impresora de letras 3D, impresora de r\u00f3tulos 3D o impresora de logotipos 3D, es un equipo de fabricaci\u00f3n aditiva que opera bajo el modo FDM, dise\u00f1ado para producir letras, r\u00f3tulos o logotipos tridimensionales sin recurrir a procesos tradicionales como el corte l\u00e1ser, la soldadura, el curvado, el taladrado o el curado UV.<\/p>\n<p>Como fabricante especializado en m\u00e1quinas y materiales de impresi\u00f3n 3D, IROGA 3D ha lanzado una nueva generaci\u00f3n de su impresora de letras 3D MITO, la cual ofrece un rendimiento notablemente superior en diversos aspectos, por ejemplo, el firmware Klipper que permite alcanzar mayores velocidades de impresi\u00f3n, una mayor altura del eje Z que admite letras de mayor profundidad, boquillas fabricadas en acero negro lo que garantiza una mayor durabilidad, un *hotend* de \u00faltima generaci\u00f3n que acelera la velocidad de calentamiento de la boquilla, un bastidor reforzado en los ejes X e Y que asegura una mayor precisi\u00f3n de impresi\u00f3n, y un secador de filamento adicional que contribuye a obtener una calidad de impresi\u00f3n superior.<\/p>\n<p><img loading=\"lazy\" decoding=\"async\" class=\"alignnone size-full wp-image-4844\" src=\"https:\/\/www.iroga3d.com\/wp-content\/uploads\/2026\/04\/Product-Trimmed-Letter-S-4.jpg\" alt=\"\" width=\"1020\" height=\"574\" srcset=\"https:\/\/www.iroga3d.com\/wp-content\/uploads\/2026\/04\/Product-Trimmed-Letter-S-4.jpg 1020w, https:\/\/www.iroga3d.com\/wp-content\/uploads\/2026\/04\/Product-Trimmed-Letter-S-4-300x169.jpg 300w, https:\/\/www.iroga3d.com\/wp-content\/uploads\/2026\/04\/Product-Trimmed-Letter-S-4-768x432.jpg 768w, https:\/\/www.iroga3d.com\/wp-content\/uploads\/2026\/04\/Product-Trimmed-Letter-S-4-18x10.jpg 18w, https:\/\/www.iroga3d.com\/wp-content\/uploads\/2026\/04\/Product-Trimmed-Letter-S-4-500x281.jpg 500w\" sizes=\"(max-width: 1020px) 100vw, 1020px\" \/><\/p>\n<p><img loading=\"lazy\" decoding=\"async\" class=\"alignnone size-full wp-image-4845\" src=\"https:\/\/www.iroga3d.com\/wp-content\/uploads\/2026\/04\/Product-Trimmed-Letter-S-5.jpg\" alt=\"\" width=\"1020\" height=\"574\" srcset=\"https:\/\/www.iroga3d.com\/wp-content\/uploads\/2026\/04\/Product-Trimmed-Letter-S-5.jpg 1020w, https:\/\/www.iroga3d.com\/wp-content\/uploads\/2026\/04\/Product-Trimmed-Letter-S-5-300x169.jpg 300w, https:\/\/www.iroga3d.com\/wp-content\/uploads\/2026\/04\/Product-Trimmed-Letter-S-5-768x432.jpg 768w, https:\/\/www.iroga3d.com\/wp-content\/uploads\/2026\/04\/Product-Trimmed-Letter-S-5-18x10.jpg 18w, https:\/\/www.iroga3d.com\/wp-content\/uploads\/2026\/04\/Product-Trimmed-Letter-S-5-500x281.jpg 500w\" sizes=\"(max-width: 1020px) 100vw, 1020px\" \/><\/p>\n<p><img loading=\"lazy\" decoding=\"async\" class=\"alignnone size-full wp-image-4846\" src=\"https:\/\/www.iroga3d.com\/wp-content\/uploads\/2026\/04\/Product-Trimmed-Letter-S-6.jpg\" alt=\"\" width=\"1020\" height=\"574\" srcset=\"https:\/\/www.iroga3d.com\/wp-content\/uploads\/2026\/04\/Product-Trimmed-Letter-S-6.jpg 1020w, https:\/\/www.iroga3d.com\/wp-content\/uploads\/2026\/04\/Product-Trimmed-Letter-S-6-300x169.jpg 300w, https:\/\/www.iroga3d.com\/wp-content\/uploads\/2026\/04\/Product-Trimmed-Letter-S-6-768x432.jpg 768w, https:\/\/www.iroga3d.com\/wp-content\/uploads\/2026\/04\/Product-Trimmed-Letter-S-6-18x10.jpg 18w, https:\/\/www.iroga3d.com\/wp-content\/uploads\/2026\/04\/Product-Trimmed-Letter-S-6-500x281.jpg 500w\" sizes=\"(max-width: 1020px) 100vw, 1020px\" \/><\/p>\n<p>&nbsp;<\/p>\n<h3>Par\u00e1metros de M\u00e1quina de Impresi\u00f3n 3D (MITO-80 y MITO-120)<\/h3>\n\n<table id=\"tablepress-1\" class=\"tablepress tablepress-id-1\">\n<thead>\n<tr class=\"row-1\">\n\t<th class=\"column-1\"><\/th><th class=\"column-2\"><\/th><th class=\"column-3\"><\/th>\n<\/tr>\n<\/thead>\n<tbody class=\"row-striping row-hover\">\n<tr class=\"row-2\">\n\t<td class=\"column-1\"><strong>\u00cdtem<\/strong><\/td><td class=\"column-2\"><strong>MITO-80<\/strong><\/td><td class=\"column-3\"><strong>MITO-120<\/strong><\/td>\n<\/tr>\n<tr class=\"row-3\">\n\t<td class=\"column-1\">Idioma de Interfaz<\/td><td class=\"column-2\">EN \/ ES \/ FR \/ IT \/ RU \/ CN<\/td><td class=\"column-3\">EN \/ ES \/ FR \/ IT \/ RU \/ CN<\/td>\n<\/tr>\n<tr class=\"row-4\">\n\t<td class=\"column-1\">Tama\u00f1o de Paquete<\/td><td class=\"column-2\">1390 x 1340 x 870 MM<\/td><td class=\"column-3\">1800 x 1700 x 870 MM<\/td>\n<\/tr>\n<tr class=\"row-5\">\n\t<td class=\"column-1\">Tama\u00f1o de Impresora<\/td><td class=\"column-2\">1230 x 1100 x 700 MM<\/td><td class=\"column-3\">1630 x 1500 x 700 MM<\/td>\n<\/tr>\n<tr class=\"row-6\">\n\t<td class=\"column-1\">Tama\u00f1o M\u00e1ximo de Impresi\u00f3n<\/td><td class=\"column-2\">800 x 800 x 90 MM<\/td><td class=\"column-3\">1200 x 1200 x 90 MM<\/td>\n<\/tr>\n<tr class=\"row-7\">\n\t<td class=\"column-1\">Peso Neto \/ Peso Bruto<\/td><td class=\"column-2\">95 KG \/ 140 KG<\/td><td class=\"column-3\">130 KG \/ 195 KG<\/td>\n<\/tr>\n<tr class=\"row-8\">\n\t<td class=\"column-1\">Voltaje<\/td><td class=\"column-2\">110 V \/ 220 V<\/td><td class=\"column-3\">110 V \/ 220 V<\/td>\n<\/tr>\n<tr class=\"row-9\">\n\t<td class=\"column-1\">Potencia<\/td><td class=\"column-2\">720 W<\/td><td class=\"column-3\">1000 W<\/td>\n<\/tr>\n<tr class=\"row-10\">\n\t<td class=\"column-1\">Frecuencia<\/td><td class=\"column-2\">50 HZ \/ 60 HZ<\/td><td class=\"column-3\">50 HZ \/ 60 HZ<\/td>\n<\/tr>\n<tr class=\"row-11\">\n\t<td class=\"column-1\">Modo de Impresi\u00f3n<\/td><td class=\"column-2\">FDM (Modelado por Deposici\u00f3n Fundida)<\/td><td class=\"column-3\">FDM (Modelado por Deposici\u00f3n Fundida)<\/td>\n<\/tr>\n<tr class=\"row-12\">\n\t<td class=\"column-1\">Velocidad de Impresi\u00f3n<\/td><td class=\"column-2\">30 ~ 100 MM\/S<\/td><td class=\"column-3\">30 ~ 100 MM\/S<\/td>\n<\/tr>\n<tr class=\"row-13\">\n\t<td class=\"column-1\">Temperatura de La Plataforma<\/td><td class=\"column-2\">50 \u2103<\/td><td class=\"column-3\">50 \u2103<\/td>\n<\/tr>\n<tr class=\"row-14\">\n\t<td class=\"column-1\">Temperatura de La Boquilla<\/td><td class=\"column-2\">230 \u2103<\/td><td class=\"column-3\">230 \u2103<\/td>\n<\/tr>\n<tr class=\"row-15\">\n\t<td class=\"column-1\">Abertura de La Boquilla<\/td><td class=\"column-2\">0.6 MM \/ 0.8 MM<\/td><td class=\"column-3\">0.6 MM \/ 0.8 MM<\/td>\n<\/tr>\n<tr class=\"row-16\">\n\t<td class=\"column-1\">Filamento Compatible<\/td><td class=\"column-2\">PLA \/ PETG \/ ASA \/ ABS<\/td><td class=\"column-3\">PLA \/ PETG \/ ASA \/ ABS<\/td>\n<\/tr>\n<tr class=\"row-17\">\n\t<td class=\"column-1\">Di\u00e1metro del Filamento<\/td><td class=\"column-2\">1.75 MM<\/td><td class=\"column-3\">1.75 MM<\/td>\n<\/tr>\n<tr class=\"row-18\">\n\t<td class=\"column-1\">Cantidad de Filamentos Instalados<\/td><td class=\"column-2\">3 Rollos<\/td><td class=\"column-3\">3 Rollos<\/td>\n<\/tr>\n<tr class=\"row-19\">\n\t<td class=\"column-1\">C\u00f3digo HS<\/td><td class=\"column-2\">8485200000<\/td><td class=\"column-3\">8485200000<\/td>\n<\/tr>\n<\/tbody>\n<tfoot>\n<tr class=\"row-20\">\n\t<th class=\"column-1\"><\/th><th class=\"column-2\"><\/th><th class=\"column-3\"><\/th>\n<\/tr>\n<\/tfoot>\n<\/table>\n<!-- #tablepress-1 from cache -->\n<p>&nbsp;<\/p>\n<p><iframe title=\"3D Printed Letter with 2 Colors Trimmed Face by 3D Signage Printer #signfabrication #3dprinter #cnc\" width=\"1020\" height=\"574\" src=\"https:\/\/www.youtube.com\/embed\/H8Omri1PBm8?feature=oembed\" frameborder=\"0\" allow=\"accelerometer; autoplay; clipboard-write; encrypted-media; gyroscope; picture-in-picture; web-share\" referrerpolicy=\"strict-origin-when-cross-origin\" allowfullscreen><\/iframe><\/p>\n<p>&nbsp;<\/p>\n<h3>M\u00e1quina de Letrero Tradicional     VS     M\u00e1quina de Impresi\u00f3n 3D<\/h3>\n\n<table id=\"tablepress-2\" class=\"tablepress tablepress-id-2\">\n<thead>\n<tr class=\"row-1\">\n\t<th class=\"column-1\"><\/th><th class=\"column-2\"><\/th><th class=\"column-3\"><\/th><th class=\"column-4\"><\/th>\n<\/tr>\n<\/thead>\n<tbody class=\"row-striping row-hover\">\n<tr class=\"row-2\">\n\t<td class=\"column-1\"><strong>\u00cdtem<\/strong><\/td><td class=\"column-2\"><strong><\/strong><\/td><td class=\"column-3\"><strong>M\u00e1quina de Letrero Tradicional<\/strong><\/td><td class=\"column-4\"><strong>Impresora de Letrero 3D Moderna<\/strong><\/td>\n<\/tr>\n<tr class=\"row-3\">\n\t<td class=\"column-1\">Tipo de M\u00e1quina<\/td><td class=\"column-2\"><\/td><td class=\"column-3\">Plegadora, M\u00e1quina de Soldar, M\u00e1quina de Cortar, M\u00e1quina de Grabar, etc<\/td><td class=\"column-4\"><strong>Una Impresora de Letrero 3D<\/strong><\/td>\n<\/tr>\n<tr class=\"row-4\">\n\t<td class=\"column-1\">Inversi\u00f3n en Maquinaria<\/td><td class=\"column-2\"><\/td><td class=\"column-3\">M\u00e1s Inversi\u00f3n<\/td><td class=\"column-4\"><strong>Menos Inversi\u00f3n<\/strong><\/td>\n<\/tr>\n<tr class=\"row-5\">\n\t<td class=\"column-1\">Costo de Material<\/td><td class=\"column-2\"><\/td><td class=\"column-3\">M\u00e1s Costo (Cara de Acr\u00edlico y Lado de Metal)<\/td><td class=\"column-4\"><strong>Menos Costo (Filamento de Impresi\u00f3n 3D)<\/strong><\/td>\n<\/tr>\n<tr class=\"row-6\">\n\t<td class=\"column-1\">Desperdicio de Material<\/td><td class=\"column-2\"><\/td><td class=\"column-3\">M\u00e1s Desperdicio<\/td><td class=\"column-4\"><strong>Menos Desperdicio<\/strong><\/td>\n<\/tr>\n<tr class=\"row-7\">\n\t<td class=\"column-1\">Modo de Fabricaci\u00f3n<\/td><td class=\"column-2\"><\/td><td class=\"column-3\">Fabricaci\u00f3n Sustractiva<\/td><td class=\"column-4\"><strong>Fabricaci\u00f3n Aditiva<\/strong><\/td>\n<\/tr>\n<tr class=\"row-8\">\n\t<td class=\"column-1\">Tipo de Trabajo<\/td><td class=\"column-2\"><\/td><td class=\"column-3\">M\u00e1s Trabajo Manual<\/td><td class=\"column-4\"><strong>M\u00e1s Trabajo Autom\u00e1tico<\/strong><\/td>\n<\/tr>\n<tr class=\"row-9\">\n\t<td class=\"column-1\">Costo Laboral<\/td><td class=\"column-2\"><\/td><td class=\"column-3\">M\u00e1s Trabajadores, M\u00e1s Costo<\/td><td class=\"column-4\"><strong>Menos Trabajadores, Menos Costo<\/strong><\/td>\n<\/tr>\n<tr class=\"row-10\">\n\t<td class=\"column-1\">Color de Cara del Letrero<\/td><td class=\"column-2\"><\/td><td class=\"column-3\">Un Solo Color para Cara del Letrero<\/td><td class=\"column-4\"><strong>M\u00faltiples Colores para Cara del Letrero<\/strong><\/td>\n<\/tr>\n<tr class=\"row-11\">\n\t<td class=\"column-1\">Estilo de Cara del Letrero<\/td><td class=\"column-2\"><\/td><td class=\"column-3\">Cara Plana Solamente<\/td><td class=\"column-4\"><strong>Cara Plana o Cara Malla<\/strong><\/td>\n<\/tr>\n<tr class=\"row-12\">\n\t<td class=\"column-1\">Color de Lado del Letrero<\/td><td class=\"column-2\"><\/td><td class=\"column-3\">Un Solo Color para Lado del Letrero<\/td><td class=\"column-4\"><strong>M\u00faltiples Colores para Lado del Letrero<\/strong><\/td>\n<\/tr>\n<tr class=\"row-13\">\n\t<td class=\"column-1\">Estilo de Lado del Letrero<\/td><td class=\"column-2\"><\/td><td class=\"column-3\">Lado Recto Solamente<\/td><td class=\"column-4\"><strong>Lado Recto, Lado Biselado, o Lado Curvo<\/strong><\/td>\n<\/tr>\n<tr class=\"row-14\">\n\t<td class=\"column-1\">Grado de Letrero<\/td><td class=\"column-2\"><\/td><td class=\"column-3\">Letrero Simple Solamente<\/td><td class=\"column-4\"><strong>Letrero Simple o Letrero Complicado<\/strong><\/td>\n<\/tr>\n<tr class=\"row-15\">\n\t<td class=\"column-1\">Opci\u00f3n de Iluminaci\u00f3n<\/td><td class=\"column-2\"><\/td><td class=\"column-3\">Iluminaci\u00f3n Frontal o Trasera<\/td><td class=\"column-4\"><strong>Iluminaci\u00f3n Frontal, Lateral o Trasera<\/strong><\/td>\n<\/tr>\n<tr class=\"row-16\">\n\t<td class=\"column-1\">Espacio de Trabajo<\/td><td class=\"column-2\"><\/td><td class=\"column-3\">M\u00e1s Espacio Necesario<\/td><td class=\"column-4\"><strong>Menos Espacio Necesario<\/strong><\/td>\n<\/tr>\n<tr class=\"row-17\">\n\t<td class=\"column-1\">Taller<\/td><td class=\"column-2\"><\/td><td class=\"column-3\">Desordenado<\/td><td class=\"column-4\"><strong>Ordenado<\/strong><\/td>\n<\/tr>\n<tr class=\"row-18\">\n\t<td class=\"column-1\">Resistencia a Los Rayos UV<\/td><td class=\"column-2\"><\/td><td class=\"column-3\">Menos Resistente a Los Rayos UV<\/td><td class=\"column-4\"><strong>M\u00e1s Resistente a Los Rayos UV<\/strong><\/td>\n<\/tr>\n<\/tbody>\n<tfoot>\n<tr class=\"row-19\">\n\t<th class=\"column-1\"><\/th><th class=\"column-2\"><\/th><th class=\"column-3\"><\/th><th class=\"column-4\"><\/th>\n<\/tr>\n<\/tfoot>\n<\/table>\n<!-- #tablepress-2 from cache -->\n<p>&nbsp;<\/p>\n<p><iframe title=\"Illuminated Channel Letter 3D Printer #3dsignage #3dsignageprinter #3dsignprinter #channelletters\" width=\"1020\" height=\"574\" src=\"https:\/\/www.youtube.com\/embed\/EgysvcZ4KXU?feature=oembed\" frameborder=\"0\" allow=\"accelerometer; autoplay; clipboard-write; encrypted-media; gyroscope; picture-in-picture; web-share\" referrerpolicy=\"strict-origin-when-cross-origin\" allowfullscreen><\/iframe><\/p>\n<p>&nbsp;<\/p>\n<h3>Par\u00e1metros de Consumo de Filamento de La Letra S en Diferentes Tama\u00f1os (Incluye Frontal y Lateral)<\/h3>\n\n<table id=\"tablepress-7\" class=\"tablepress tablepress-id-7\">\n<thead>\n<tr class=\"row-1\">\n\t<th class=\"column-1\"><\/th><th class=\"column-2\"><\/th><th class=\"column-3\"><\/th><th class=\"column-4\"><\/th><th class=\"column-5\"><\/th><th class=\"column-6\"><\/th>\n<\/tr>\n<\/thead>\n<tbody class=\"row-striping row-hover\">\n<tr class=\"row-2\">\n\t<td class=\"column-1\"><strong>Nombre de Letra<br \/>\n<\/strong>(Letra de Canal)<\/td><td class=\"column-2\"><strong>Tama\u00f1o de Letra<br \/>\n<\/strong>(H x W x D)<\/td><td class=\"column-3\"><strong>Consumed Filament Length<br \/>\n<\/strong>(Cada Letra)<\/td><td class=\"column-4\"><strong>Consumed Filament Weight<br \/>\n<\/strong>(Cada Letra)<\/td><td class=\"column-5\"><strong>Costo de Filamento Usado<br \/>\n<\/strong>(Cada Letra)<\/td><td class=\"column-6\"><strong>Cantidad de Letras<br \/>\n<\/strong>(Cada Rollo de Filamento)<\/td>\n<\/tr>\n<tr class=\"row-3\">\n\t<td class=\"column-1\">Letra \"S\"<\/td><td class=\"column-2\">100 x 77 x 10   MM<\/td><td class=\"column-3\">4.71 metros<\/td><td class=\"column-4\">14.10 gramos<\/td><td class=\"column-5\">USD 0.16<\/td><td class=\"column-6\">70.9 letras<\/td>\n<\/tr>\n<tr class=\"row-4\">\n\t<td class=\"column-1\">Letra \"S\"<\/td><td class=\"column-2\">200 x 154 x 20 MM<\/td><td class=\"column-3\">18.23 metros<\/td><td class=\"column-4\">54.58 gramos<\/td><td class=\"column-5\">USD 0.62<\/td><td class=\"column-6\">18.3 letras<\/td>\n<\/tr>\n<tr class=\"row-5\">\n\t<td class=\"column-1\">Letra \"S\"<\/td><td class=\"column-2\">300 x 231 x 30 MM<\/td><td class=\"column-3\">39.34 metros<\/td><td class=\"column-4\">117.82 gramos<\/td><td class=\"column-5\">USD 1.34<\/td><td class=\"column-6\">8.5 letras<\/td>\n<\/tr>\n<tr class=\"row-6\">\n\t<td class=\"column-1\">Letra \"S\"<\/td><td class=\"column-2\">400 x 308 x 40 MM<\/td><td class=\"column-3\">69.01 metros<\/td><td class=\"column-4\">206.66 gramos<\/td><td class=\"column-5\">USD 2.36<\/td><td class=\"column-6\">4.8 letras<\/td>\n<\/tr>\n<tr class=\"row-7\">\n\t<td class=\"column-1\">Letra \"S\"<\/td><td class=\"column-2\">500 x 384 x 50 MM<\/td><td class=\"column-3\">106.97 metros<\/td><td class=\"column-4\">320.34 gramos<\/td><td class=\"column-5\">USD 3.65<\/td><td class=\"column-6\">3.1 letras<\/td>\n<\/tr>\n<tr class=\"row-8\">\n\t<td class=\"column-1\">Letra \"S\"<\/td><td class=\"column-2\">600 x 461 x 60 MM<\/td><td class=\"column-3\">153.64 metros<\/td><td class=\"column-4\">460.09 gramos<\/td><td class=\"column-5\">USD 5.25<\/td><td class=\"column-6\">2.2 letras<\/td>\n<\/tr>\n<tr class=\"row-9\">\n\t<td class=\"column-1\">Letra \"S\"<\/td><td class=\"column-2\">700 x 538 x 70 MM<\/td><td class=\"column-3\">208.25 metros<\/td><td class=\"column-4\">623.63 gramos<\/td><td class=\"column-5\">USD 7.11<\/td><td class=\"column-6\">1.6 letras<\/td>\n<\/tr>\n<tr class=\"row-10\">\n\t<td class=\"column-1\">Letra \"S\"<\/td><td class=\"column-2\">800 x 615 x 80 MM<\/td><td class=\"column-3\">271.16 metros<\/td><td class=\"column-4\">812.02 gramos<\/td><td class=\"column-5\">USD 9.26<\/td><td class=\"column-6\">1.2 letras<\/td>\n<\/tr>\n<tr class=\"row-11\">\n\t<td class=\"column-1\">Letra \"S\"<\/td><td class=\"column-2\">900 x 692 x 90 MM<\/td><td class=\"column-3\">343.00 metros<\/td><td class=\"column-4\">1027.13 gramos<\/td><td class=\"column-5\">USD 11.71<\/td><td class=\"column-6\">0.9 letras<\/td>\n<\/tr>\n<\/tbody>\n<tfoot>\n<tr class=\"row-12\">\n\t<th class=\"column-1\"><\/th><th class=\"column-2\"><\/th><th class=\"column-3\"><\/th><th class=\"column-4\"><\/th><th class=\"column-5\"><\/th><th class=\"column-6\"><\/th>\n<\/tr>\n<\/tfoot>\n<\/table>\n<!-- #tablepress-7 from cache -->\n<p>&nbsp;<\/p>\n<p><iframe title=\"How to Make A Trimmed Letter Based on 3D Slicing Software and 3D Signage Printer #signfabrication\" width=\"1020\" height=\"574\" src=\"https:\/\/www.youtube.com\/embed\/dCXqzsZDX0A?feature=oembed\" frameborder=\"0\" allow=\"accelerometer; autoplay; clipboard-write; encrypted-media; gyroscope; picture-in-picture; web-share\" referrerpolicy=\"strict-origin-when-cross-origin\" allowfullscreen><\/iframe><\/p>\n<p>&nbsp;<\/p>","protected":false},"excerpt":{"rendered":"<p><strong>Nombre de Producto:<\/strong> Letra Corp\u00f3rea LED con Dos Colores en Frontal<\/p>\n<p><strong>Nombre de Marca:<\/strong> IROGA 3D<\/p>\n<p><strong>Material:<\/strong> Filamento de Impresi\u00f3n 3D PETG-S<\/p>\n<p><strong>Color:<\/strong> Dos Colores en La Cara Frontal<\/p>\n<p><strong>Estilo de Iluminaci\u00f3n:<\/strong> Iluminaci\u00f3n Frontal<\/p>\n<p><strong>Hecho Por:<\/strong> Software de Laminado 3D y M\u00e1quina de Impresi\u00f3n 3D<\/p>","protected":false},"featured_media":4835,"comment_status":"closed","ping_status":"closed","template":"","meta":[],"product_cat":[103],"product_tag":[105],"class_list":{"0":"post-4847","1":"product","2":"type-product","3":"status-publish","4":"has-post-thumbnail","6":"product_cat-3d-printed-signage","7":"product_tag-3d-illuminated-signs","9":"first","10":"instock","11":"shipping-taxable","12":"product-type-simple"},"_links":{"self":[{"href":"https:\/\/www.iroga3d.com\/es\/wp-json\/wp\/v2\/product\/4847","targetHints":{"allow":["GET"]}}],"collection":[{"href":"https:\/\/www.iroga3d.com\/es\/wp-json\/wp\/v2\/product"}],"about":[{"href":"https:\/\/www.iroga3d.com\/es\/wp-json\/wp\/v2\/types\/product"}],"replies":[{"embeddable":true,"href":"https:\/\/www.iroga3d.com\/es\/wp-json\/wp\/v2\/comments?post=4847"}],"version-history":[{"count":6,"href":"https:\/\/www.iroga3d.com\/es\/wp-json\/wp\/v2\/product\/4847\/revisions"}],"predecessor-version":[{"id":4860,"href":"https:\/\/www.iroga3d.com\/es\/wp-json\/wp\/v2\/product\/4847\/revisions\/4860"}],"wp:featuredmedia":[{"embeddable":true,"href":"https:\/\/www.iroga3d.com\/es\/wp-json\/wp\/v2\/media\/4835"}],"wp:attachment":[{"href":"https:\/\/www.iroga3d.com\/es\/wp-json\/wp\/v2\/media?parent=4847"}],"wp:term":[{"taxonomy":"product_cat","embeddable":true,"href":"https:\/\/www.iroga3d.com\/es\/wp-json\/wp\/v2\/product_cat?post=4847"},{"taxonomy":"product_tag","embeddable":true,"href":"https:\/\/www.iroga3d.com\/es\/wp-json\/wp\/v2\/product_tag?post=4847"}],"curies":[{"name":"wp","href":"https:\/\/api.w.org\/{rel}","templated":true}]}}