{"id":3233,"date":"2025-09-09T23:07:58","date_gmt":"2025-09-09T15:07:58","guid":{"rendered":"https:\/\/www.iroga3d.com\/?post_type=product&#038;p=3233"},"modified":"2026-01-02T17:20:55","modified_gmt":"2026-01-02T09:20:55","slug":"illuminated-custom-signage-made-by-3d-printer-in-china-no-bending-machine","status":"publish","type":"product","link":"https:\/\/www.iroga3d.com\/es\/producto\/illuminated-custom-signage-made-by-3d-printer-in-china-no-bending-machine\/","title":{"rendered":"Logotipo 3D Personalizado y Iluminado Hecho por Impresora 3D en China"},"content":{"rendered":"<h2>Logotipo 3D Personalizado y Iluminado Hecho por Impresora 3D en China<\/h2>\n<p>&nbsp;<\/p>\n<h3>Informaci\u00f3n B\u00e1sica de Impresora 3D para Logotipos<\/h3>\n<p class=\"translation-block\">Este <a href=\"https:\/\/www.iroga3d.com\/es\/categoria-producto\/3d-printed-signage\/\" target=\"_self\">logotipo 3D iluminado<\/a> WhatsApp es hecho por una <a href=\"https:\/\/www.iroga3d.com\/es\/categoria-producto\/3d-sign-printer\/\" target=\"_self\">impresora 3D para logotipos<\/a>, es una m\u00e1quina para r\u00f3tulos luminosos, tambi\u00e9n conocida como impresora de letras 3D, impresora de se\u00f1alizaci\u00f3n 3D, impresora de logotipos 3D, impresora 3D para letreros o m\u00e1quina de publicitaria en 3D, es un tipo especializado de impresora 3D industrial dise\u00f1ada para fabricar letras de canal tridimensionales, logotipos luminosos y letreros luminosos mediante procesos de fabricaci\u00f3n aditiva. En esencia, es una impresora 3D industrial optimizada para satisfacer las necesidades de gran formato, durabilidad y atractivo visual de los fabricantes y empresas de rotulaci\u00f3n. Representa una herramienta novedosa, transformadora e innovadora en la industria de la rotulaci\u00f3n y la comunicaci\u00f3n visual.<\/p>\n<p class=\"translation-block\">Generalmente, las impresoras 3D para logotipos tienen tama\u00f1os de impresi\u00f3n mucho mayores que las impresoras de modelo 3D. Por ejemplo, la MITO-120 imprime letreros luminosos con un ancho de hasta 1200 mm y una profundidad de hasta 90 mm. A diferencia de la impresi\u00f3n plana tradicional o los letreros acr\u00edlicos personalizados (como la impresi\u00f3n por inyecci\u00f3n de tinta sobre vinilo), estas <a href=\"https:\/\/www.iroga3d.com\/es\/categoria-producto\/3d-sign-printer\/\" target=\"_self\">impresoras 3D para logotipos<\/a> crean letras y letreros luminosos en 3D capa por capa a partir de un archivo digital, lo que da como resultado letreros con profundidad f\u00edsica, textura y geometr\u00edas complejas imposibles de lograr con m\u00e9todos convencionales. La impresora 3D para logotipos utiliza un material llamado <a href=\"https:\/\/www.iroga3d.com\/es\/categoria-producto\/3d-printing-filament\/\" target=\"_self\">filamentos de impresi\u00f3n 3D<\/a> en modo FDM (Modelado por Deposici\u00f3n Fundida), lo que permite crear letreros con ancho, profundidad y altura, tanto en tama\u00f1os peque\u00f1os como grandes.<\/p>\n<p class=\"translation-block\">Puede fabricar letras y letreros personalizados en grandes o peque\u00f1as cantidades seg\u00fan tus necesidades, con impresi\u00f3n en varios estilos o colores, con o sin efecto luminoso, y con gran durabilidad para letras de interior y exterior, as\u00ed como para se\u00f1alizaci\u00f3n interna y externa. Entre sus aplicaciones comunes se incluyen letras de canal 3D, logotipos de marca y letreros luminosos para fachadas de tiendas, elementos decorativos y arquitect\u00f3nicos, pantallas informativas y publicidad promocional. Basadas en CorelDRAW y <a href=\"https:\/\/www.youtube.com\/playlist?list=PLp8FKuRYkuk3ObMt8JR7myBhfJyl09V9J\" rel=\"nofollow noopener\" target=\"_blank\">software de corte<\/a> de Iroga 3D, las impresoras 3D para logotipos ofrecen flexibilidad en el dise\u00f1o, prototipado r\u00e1pido y una producci\u00f3n rentable de letreros complejos o de bajo volumen, lo que las distingue de la fabricaci\u00f3n sustractiva como el mecanizado CNC.<\/p>\n<p><img fetchpriority=\"high\" decoding=\"async\" class=\"alignnone size-full wp-image-3504\" src=\"https:\/\/www.iroga3d.com\/wp-content\/uploads\/2025\/11\/Product-WhatsApp-1.webp\" alt=\"\" width=\"1020\" height=\"574\" srcset=\"https:\/\/www.iroga3d.com\/wp-content\/uploads\/2025\/11\/Product-WhatsApp-1.webp 1020w, https:\/\/www.iroga3d.com\/wp-content\/uploads\/2025\/11\/Product-WhatsApp-1-300x169.webp 300w, https:\/\/www.iroga3d.com\/wp-content\/uploads\/2025\/11\/Product-WhatsApp-1-768x432.webp 768w, https:\/\/www.iroga3d.com\/wp-content\/uploads\/2025\/11\/Product-WhatsApp-1-18x10.webp 18w, https:\/\/www.iroga3d.com\/wp-content\/uploads\/2025\/11\/Product-WhatsApp-1-500x281.webp 500w\" sizes=\"(max-width: 1020px) 100vw, 1020px\" \/><\/p>\n<p><img decoding=\"async\" class=\"alignnone size-full wp-image-3505\" src=\"https:\/\/www.iroga3d.com\/wp-content\/uploads\/2025\/11\/Product-WhatsApp-2.webp\" alt=\"\" width=\"1020\" height=\"574\" srcset=\"https:\/\/www.iroga3d.com\/wp-content\/uploads\/2025\/11\/Product-WhatsApp-2.webp 1020w, https:\/\/www.iroga3d.com\/wp-content\/uploads\/2025\/11\/Product-WhatsApp-2-300x169.webp 300w, https:\/\/www.iroga3d.com\/wp-content\/uploads\/2025\/11\/Product-WhatsApp-2-768x432.webp 768w, https:\/\/www.iroga3d.com\/wp-content\/uploads\/2025\/11\/Product-WhatsApp-2-18x10.webp 18w, https:\/\/www.iroga3d.com\/wp-content\/uploads\/2025\/11\/Product-WhatsApp-2-500x281.webp 500w\" sizes=\"(max-width: 1020px) 100vw, 1020px\" \/><\/p>\n<p><img decoding=\"async\" class=\"alignnone size-full wp-image-3506\" src=\"https:\/\/www.iroga3d.com\/wp-content\/uploads\/2025\/11\/Product-WhatsApp-3.webp\" alt=\"\" width=\"1020\" height=\"574\" srcset=\"https:\/\/www.iroga3d.com\/wp-content\/uploads\/2025\/11\/Product-WhatsApp-3.webp 1020w, https:\/\/www.iroga3d.com\/wp-content\/uploads\/2025\/11\/Product-WhatsApp-3-300x169.webp 300w, https:\/\/www.iroga3d.com\/wp-content\/uploads\/2025\/11\/Product-WhatsApp-3-768x432.webp 768w, https:\/\/www.iroga3d.com\/wp-content\/uploads\/2025\/11\/Product-WhatsApp-3-18x10.webp 18w, https:\/\/www.iroga3d.com\/wp-content\/uploads\/2025\/11\/Product-WhatsApp-3-500x281.webp 500w\" sizes=\"(max-width: 1020px) 100vw, 1020px\" \/><\/p>\n<p class=\"translation-block\">Hoy en d\u00eda, los letreros acr\u00edlicos personalizados se utilizan ampliamente tanto en el interior como en el exterior de tiendas, supermercados, centros comerciales, etc. Estos letreros se fabrican de forma tradicional con maquinaria convencional, como fresadoras CNC, m\u00e1quinas de corte l\u00e1ser, grabadoras, plegadoras, m\u00e1quinas de curado UV, ranuradoras, soldadoras, etc. Entonces, \u00bfpor qu\u00e9 deber\u00edamos usar impresoras de logotipos 3D para crear letras de canal 3D y letreros luminosos? Porque hay muchas <strong><a href=\"https:\/\/www.iroga3d.com\/es\/the-advantages-of-3d-printed-signs-against-custom-acrylic-signs\/\" target=\"_self\">ventajas de letreros impresos en 3D frente a letreros acr\u00edlicos<\/a><\/strong>, como una menor inversi\u00f3n en maquinaria, menor espacio ocupado, menor coste y desperdicio de material, menor coste laboral, mayor respeto al medio ambiente, mayor autonom\u00eda, m\u00e1s estilos de letreros y talleres m\u00e1s limpios, entre otras ventajas.<\/p>\n<p class=\"translation-block\">En la producci\u00f3n tradicional de letreros acr\u00edlicos personalizados, se requiere el uso simult\u00e1neo de maquinaria de gran tama\u00f1o, como fresadoras CNC, grabadoras y plegadoras, lo que implica un amplio espacio de trabajo. Esto incrementa no solo el costo de los equipos, sino tambi\u00e9n el de la producci\u00f3n, especialmente en grandes ciudades donde el terreno y la vivienda son muy costosos. Las impresoras 3D para logotipos son mucho m\u00e1s compactas que la maquinaria tradicional. Adem\u00e1s, existe una soluci\u00f3n para optimizar a\u00fan m\u00e1s el espacio: el estante para impresoras 3D. Haga clic aqu\u00ed para saber <strong><a href=\"https:\/\/www.iroga3d.com\/es\/how-to-use-3d-printer-shelf-appropriately\/\" target=\"_self\">c\u00f3mo utilizar correctamente el estante para impresora 3D<\/a><\/strong>.<\/p>\n<p class=\"translation-block\">La <a href=\"https:\/\/www.iroga3d.com\/es\/categoria-producto\/3d-sign-printer\/\" target=\"_self\">impresora 3D para logotipos<\/a> se compone de diversas partes con diferentes funciones, como la plataforma de impresi\u00f3n, el soporte de filamentos, los portacarretes, los ejes XYZ, el Hot End, el sistema de extrusi\u00f3n, la caja de impresora 3D, etc. Si desea obtener m\u00e1s informaci\u00f3n sobre la estructura principal y las partes cruciales de una impresora 3D para logotipos, puede consultar este art\u00edculo para conocer <strong><a href=\"https:\/\/www.iroga3d.com\/es\/the-key-components-of-3d-sign-printer\/\" target=\"_self\">los componentes importantes de una impresora de letrero 3D<\/a><\/strong>. Somos IROGA 3D y nuestras impresoras 3D para logotipos est\u00e1n dise\u00f1adas para r\u00f3tulos personalizados, letras corp\u00f3reas, logotipos luminosos para empresas y se\u00f1alizaci\u00f3n luminosa.<\/p>\n<p><img loading=\"lazy\" decoding=\"async\" class=\"alignnone size-full wp-image-3507\" src=\"https:\/\/www.iroga3d.com\/wp-content\/uploads\/2025\/11\/Product-WhatsApp-4.webp\" alt=\"\" width=\"1020\" height=\"574\" srcset=\"https:\/\/www.iroga3d.com\/wp-content\/uploads\/2025\/11\/Product-WhatsApp-4.webp 1020w, https:\/\/www.iroga3d.com\/wp-content\/uploads\/2025\/11\/Product-WhatsApp-4-300x169.webp 300w, https:\/\/www.iroga3d.com\/wp-content\/uploads\/2025\/11\/Product-WhatsApp-4-768x432.webp 768w, https:\/\/www.iroga3d.com\/wp-content\/uploads\/2025\/11\/Product-WhatsApp-4-18x10.webp 18w, https:\/\/www.iroga3d.com\/wp-content\/uploads\/2025\/11\/Product-WhatsApp-4-500x281.webp 500w\" sizes=\"(max-width: 1020px) 100vw, 1020px\" \/><\/p>\n<p><img loading=\"lazy\" decoding=\"async\" class=\"alignnone size-full wp-image-3508\" src=\"https:\/\/www.iroga3d.com\/wp-content\/uploads\/2025\/11\/Product-WhatsApp-5.jpg\" alt=\"\" width=\"1020\" height=\"574\" srcset=\"https:\/\/www.iroga3d.com\/wp-content\/uploads\/2025\/11\/Product-WhatsApp-5.jpg 1020w, https:\/\/www.iroga3d.com\/wp-content\/uploads\/2025\/11\/Product-WhatsApp-5-300x169.jpg 300w, https:\/\/www.iroga3d.com\/wp-content\/uploads\/2025\/11\/Product-WhatsApp-5-768x432.jpg 768w, https:\/\/www.iroga3d.com\/wp-content\/uploads\/2025\/11\/Product-WhatsApp-5-18x10.jpg 18w, https:\/\/www.iroga3d.com\/wp-content\/uploads\/2025\/11\/Product-WhatsApp-5-500x281.jpg 500w\" sizes=\"(max-width: 1020px) 100vw, 1020px\" \/><\/p>\n<p><img loading=\"lazy\" decoding=\"async\" class=\"alignnone size-full wp-image-3509\" src=\"https:\/\/www.iroga3d.com\/wp-content\/uploads\/2025\/11\/Product-WhatsApp-6.jpg\" alt=\"\" width=\"1020\" height=\"574\" srcset=\"https:\/\/www.iroga3d.com\/wp-content\/uploads\/2025\/11\/Product-WhatsApp-6.jpg 1020w, https:\/\/www.iroga3d.com\/wp-content\/uploads\/2025\/11\/Product-WhatsApp-6-300x169.jpg 300w, https:\/\/www.iroga3d.com\/wp-content\/uploads\/2025\/11\/Product-WhatsApp-6-768x432.jpg 768w, https:\/\/www.iroga3d.com\/wp-content\/uploads\/2025\/11\/Product-WhatsApp-6-18x10.jpg 18w, https:\/\/www.iroga3d.com\/wp-content\/uploads\/2025\/11\/Product-WhatsApp-6-500x281.jpg 500w\" sizes=\"(max-width: 1020px) 100vw, 1020px\" \/><\/p>\n<p>&nbsp;<\/p>\n<h3>Par\u00e1metros de Impresora 3D para Logotipos (MITO-80 y MITO-120)<\/h3>\n\n<table id=\"tablepress-1\" class=\"tablepress tablepress-id-1\">\n<thead>\n<tr class=\"row-1\">\n\t<th class=\"column-1\"><\/th><th class=\"column-2\"><\/th><th class=\"column-3\"><\/th>\n<\/tr>\n<\/thead>\n<tbody class=\"row-striping row-hover\">\n<tr class=\"row-2\">\n\t<td class=\"column-1\"><strong>\u00cdtem<\/strong><\/td><td class=\"column-2\"><strong>MITO-80<\/strong><\/td><td class=\"column-3\"><strong>MITO-120<\/strong><\/td>\n<\/tr>\n<tr class=\"row-3\">\n\t<td class=\"column-1\">Idioma de Interfaz<\/td><td class=\"column-2\">EN \/ ES \/ FR \/ IT \/ RU \/ CN<\/td><td class=\"column-3\">EN \/ ES \/ FR \/ IT \/ RU \/ CN<\/td>\n<\/tr>\n<tr class=\"row-4\">\n\t<td class=\"column-1\">Tama\u00f1o de Paquete<\/td><td class=\"column-2\">1390 x 1340 x 870 MM<\/td><td class=\"column-3\">1800 x 1700 x 870 MM<\/td>\n<\/tr>\n<tr class=\"row-5\">\n\t<td class=\"column-1\">Tama\u00f1o de Impresora<\/td><td class=\"column-2\">1230 x 1100 x 700 MM<\/td><td class=\"column-3\">1630 x 1500 x 700 MM<\/td>\n<\/tr>\n<tr class=\"row-6\">\n\t<td class=\"column-1\">Tama\u00f1o M\u00e1ximo de Impresi\u00f3n<\/td><td class=\"column-2\">800 x 800 x 90 MM<\/td><td class=\"column-3\">1200 x 1200 x 90 MM<\/td>\n<\/tr>\n<tr class=\"row-7\">\n\t<td class=\"column-1\">Peso Neto \/ Peso Bruto<\/td><td class=\"column-2\">95 KG \/ 140 KG<\/td><td class=\"column-3\">130 KG \/ 195 KG<\/td>\n<\/tr>\n<tr class=\"row-8\">\n\t<td class=\"column-1\">Voltaje<\/td><td class=\"column-2\">110 V \/ 220 V<\/td><td class=\"column-3\">110 V \/ 220 V<\/td>\n<\/tr>\n<tr class=\"row-9\">\n\t<td class=\"column-1\">Potencia<\/td><td class=\"column-2\">720 W<\/td><td class=\"column-3\">1000 W<\/td>\n<\/tr>\n<tr class=\"row-10\">\n\t<td class=\"column-1\">Frecuencia<\/td><td class=\"column-2\">50 HZ \/ 60 HZ<\/td><td class=\"column-3\">50 HZ \/ 60 HZ<\/td>\n<\/tr>\n<tr class=\"row-11\">\n\t<td class=\"column-1\">Modo de Impresi\u00f3n<\/td><td class=\"column-2\">FDM (Modelado por Deposici\u00f3n Fundida)<\/td><td class=\"column-3\">FDM (Modelado por Deposici\u00f3n Fundida)<\/td>\n<\/tr>\n<tr class=\"row-12\">\n\t<td class=\"column-1\">Velocidad de Impresi\u00f3n<\/td><td class=\"column-2\">30 ~ 100 MM\/S<\/td><td class=\"column-3\">30 ~ 100 MM\/S<\/td>\n<\/tr>\n<tr class=\"row-13\">\n\t<td class=\"column-1\">Temperatura de La Plataforma<\/td><td class=\"column-2\">50 \u2103<\/td><td class=\"column-3\">50 \u2103<\/td>\n<\/tr>\n<tr class=\"row-14\">\n\t<td class=\"column-1\">Temperatura de La Boquilla<\/td><td class=\"column-2\">230 \u2103<\/td><td class=\"column-3\">230 \u2103<\/td>\n<\/tr>\n<tr class=\"row-15\">\n\t<td class=\"column-1\">Abertura de La Boquilla<\/td><td class=\"column-2\">0.6 MM \/ 0.8 MM<\/td><td class=\"column-3\">0.6 MM \/ 0.8 MM<\/td>\n<\/tr>\n<tr class=\"row-16\">\n\t<td class=\"column-1\">Filamento Compatible<\/td><td class=\"column-2\">PLA \/ PETG \/ ASA \/ ABS<\/td><td class=\"column-3\">PLA \/ PETG \/ ASA \/ ABS<\/td>\n<\/tr>\n<tr class=\"row-17\">\n\t<td class=\"column-1\">Di\u00e1metro del Filamento<\/td><td class=\"column-2\">1.75 MM<\/td><td class=\"column-3\">1.75 MM<\/td>\n<\/tr>\n<tr class=\"row-18\">\n\t<td class=\"column-1\">Cantidad de Filamentos Instalados<\/td><td class=\"column-2\">3 Rollos<\/td><td class=\"column-3\">3 Rollos<\/td>\n<\/tr>\n<tr class=\"row-19\">\n\t<td class=\"column-1\">C\u00f3digo HS<\/td><td class=\"column-2\">8485200000<\/td><td class=\"column-3\">8485200000<\/td>\n<\/tr>\n<\/tbody>\n<tfoot>\n<tr class=\"row-20\">\n\t<th class=\"column-1\"><\/th><th class=\"column-2\"><\/th><th class=\"column-3\"><\/th>\n<\/tr>\n<\/tfoot>\n<\/table>\n<!-- #tablepress-1 from cache -->\n<p>&nbsp;<\/p>\n<p><iframe title=\"3D Printed WhatsApp Sign by IROGA 3D Sign Printer\" width=\"1020\" height=\"574\" src=\"https:\/\/www.youtube.com\/embed\/D2I-Go_Pxog?feature=oembed\" frameborder=\"0\" allow=\"accelerometer; autoplay; clipboard-write; encrypted-media; gyroscope; picture-in-picture; web-share\" referrerpolicy=\"strict-origin-when-cross-origin\" allowfullscreen><\/iframe><\/p>\n<p>&nbsp;<\/p>\n<h3>M\u00e1quina de Letrero Tradicional\u00a0 \u00a0 \u00a0VS\u00a0 \u00a0 \u00a0Impresora 3D para Logotipos<\/h3>\n\n<table id=\"tablepress-2\" class=\"tablepress tablepress-id-2\">\n<thead>\n<tr class=\"row-1\">\n\t<th class=\"column-1\"><\/th><th class=\"column-2\"><\/th><th class=\"column-3\"><\/th><th class=\"column-4\"><\/th>\n<\/tr>\n<\/thead>\n<tbody class=\"row-striping row-hover\">\n<tr class=\"row-2\">\n\t<td class=\"column-1\"><strong>\u00cdtem<\/strong><\/td><td class=\"column-2\"><strong><\/strong><\/td><td class=\"column-3\"><strong>M\u00e1quina de Letrero Tradicional<\/strong><\/td><td class=\"column-4\"><strong>Impresora de Letrero 3D Moderna<\/strong><\/td>\n<\/tr>\n<tr class=\"row-3\">\n\t<td class=\"column-1\">Tipo de M\u00e1quina<\/td><td class=\"column-2\"><\/td><td class=\"column-3\">Plegadora, M\u00e1quina de Soldar, M\u00e1quina de Cortar, M\u00e1quina de Grabar, etc<\/td><td class=\"column-4\"><strong>Una Impresora de Letrero 3D<\/strong><\/td>\n<\/tr>\n<tr class=\"row-4\">\n\t<td class=\"column-1\">Inversi\u00f3n en Maquinaria<\/td><td class=\"column-2\"><\/td><td class=\"column-3\">M\u00e1s Inversi\u00f3n<\/td><td class=\"column-4\"><strong>Menos Inversi\u00f3n<\/strong><\/td>\n<\/tr>\n<tr class=\"row-5\">\n\t<td class=\"column-1\">Costo de Material<\/td><td class=\"column-2\"><\/td><td class=\"column-3\">M\u00e1s Costo (Cara de Acr\u00edlico y Lado de Metal)<\/td><td class=\"column-4\"><strong>Menos Costo (Filamento de Impresi\u00f3n 3D)<\/strong><\/td>\n<\/tr>\n<tr class=\"row-6\">\n\t<td class=\"column-1\">Desperdicio de Material<\/td><td class=\"column-2\"><\/td><td class=\"column-3\">M\u00e1s Desperdicio<\/td><td class=\"column-4\"><strong>Menos Desperdicio<\/strong><\/td>\n<\/tr>\n<tr class=\"row-7\">\n\t<td class=\"column-1\">Modo de Fabricaci\u00f3n<\/td><td class=\"column-2\"><\/td><td class=\"column-3\">Fabricaci\u00f3n Sustractiva<\/td><td class=\"column-4\"><strong>Fabricaci\u00f3n Aditiva<\/strong><\/td>\n<\/tr>\n<tr class=\"row-8\">\n\t<td class=\"column-1\">Tipo de Trabajo<\/td><td class=\"column-2\"><\/td><td class=\"column-3\">M\u00e1s Trabajo Manual<\/td><td class=\"column-4\"><strong>M\u00e1s Trabajo Autom\u00e1tico<\/strong><\/td>\n<\/tr>\n<tr class=\"row-9\">\n\t<td class=\"column-1\">Costo Laboral<\/td><td class=\"column-2\"><\/td><td class=\"column-3\">M\u00e1s Trabajadores, M\u00e1s Costo<\/td><td class=\"column-4\"><strong>Menos Trabajadores, Menos Costo<\/strong><\/td>\n<\/tr>\n<tr class=\"row-10\">\n\t<td class=\"column-1\">Color de Cara del Letrero<\/td><td class=\"column-2\"><\/td><td class=\"column-3\">Un Solo Color para Cara del Letrero<\/td><td class=\"column-4\"><strong>M\u00faltiples Colores para Cara del Letrero<\/strong><\/td>\n<\/tr>\n<tr class=\"row-11\">\n\t<td class=\"column-1\">Estilo de Cara del Letrero<\/td><td class=\"column-2\"><\/td><td class=\"column-3\">Cara Plana Solamente<\/td><td class=\"column-4\"><strong>Cara Plana o Cara Malla<\/strong><\/td>\n<\/tr>\n<tr class=\"row-12\">\n\t<td class=\"column-1\">Color de Lado del Letrero<\/td><td class=\"column-2\"><\/td><td class=\"column-3\">Un Solo Color para Lado del Letrero<\/td><td class=\"column-4\"><strong>M\u00faltiples Colores para Lado del Letrero<\/strong><\/td>\n<\/tr>\n<tr class=\"row-13\">\n\t<td class=\"column-1\">Estilo de Lado del Letrero<\/td><td class=\"column-2\"><\/td><td class=\"column-3\">Lado Recto Solamente<\/td><td class=\"column-4\"><strong>Lado Recto, Lado Biselado, o Lado Curvo<\/strong><\/td>\n<\/tr>\n<tr class=\"row-14\">\n\t<td class=\"column-1\">Grado de Letrero<\/td><td class=\"column-2\"><\/td><td class=\"column-3\">Letrero Simple Solamente<\/td><td class=\"column-4\"><strong>Letrero Simple o Letrero Complicado<\/strong><\/td>\n<\/tr>\n<tr class=\"row-15\">\n\t<td class=\"column-1\">Opci\u00f3n de Iluminaci\u00f3n<\/td><td class=\"column-2\"><\/td><td class=\"column-3\">Iluminaci\u00f3n Frontal o Trasera<\/td><td class=\"column-4\"><strong>Iluminaci\u00f3n Frontal, Lateral o Trasera<\/strong><\/td>\n<\/tr>\n<tr class=\"row-16\">\n\t<td class=\"column-1\">Espacio de Trabajo<\/td><td class=\"column-2\"><\/td><td class=\"column-3\">M\u00e1s Espacio Necesario<\/td><td class=\"column-4\"><strong>Menos Espacio Necesario<\/strong><\/td>\n<\/tr>\n<tr class=\"row-17\">\n\t<td class=\"column-1\">Taller<\/td><td class=\"column-2\"><\/td><td class=\"column-3\">Desordenado<\/td><td class=\"column-4\"><strong>Ordenado<\/strong><\/td>\n<\/tr>\n<tr class=\"row-18\">\n\t<td class=\"column-1\">Resistencia a Los Rayos UV<\/td><td class=\"column-2\"><\/td><td class=\"column-3\">Menos Resistente a Los Rayos UV<\/td><td class=\"column-4\"><strong>M\u00e1s Resistente a Los Rayos UV<\/strong><\/td>\n<\/tr>\n<\/tbody>\n<tfoot>\n<tr class=\"row-19\">\n\t<th class=\"column-1\"><\/th><th class=\"column-2\"><\/th><th class=\"column-3\"><\/th><th class=\"column-4\"><\/th>\n<\/tr>\n<\/tfoot>\n<\/table>\n<!-- #tablepress-2 from cache -->\n<p>&nbsp;<\/p>\n<p><iframe title=\"3D Printed WhatsApp Sign by IROGA 3D Signage Machine\" width=\"1020\" height=\"574\" src=\"https:\/\/www.youtube.com\/embed\/drhB0N-APq0?feature=oembed\" frameborder=\"0\" allow=\"accelerometer; autoplay; clipboard-write; encrypted-media; gyroscope; picture-in-picture; web-share\" referrerpolicy=\"strict-origin-when-cross-origin\" allowfullscreen><\/iframe><\/p>\n<p>&nbsp;<\/p>\n<h3>Par\u00e1metros de Consumo de Filamento de La Letra S en Diferentes Tama\u00f1os (Incluye Frontal y Lateral)<\/h3>\n\n<table id=\"tablepress-7\" class=\"tablepress tablepress-id-7\">\n<thead>\n<tr class=\"row-1\">\n\t<th class=\"column-1\"><\/th><th class=\"column-2\"><\/th><th class=\"column-3\"><\/th><th class=\"column-4\"><\/th><th class=\"column-5\"><\/th><th class=\"column-6\"><\/th>\n<\/tr>\n<\/thead>\n<tbody class=\"row-striping row-hover\">\n<tr class=\"row-2\">\n\t<td class=\"column-1\"><strong>Nombre de Letra<br \/>\n<\/strong>(Letra de Canal)<\/td><td class=\"column-2\"><strong>Tama\u00f1o de Letra<br \/>\n<\/strong>(H x W x D)<\/td><td class=\"column-3\"><strong>Consumed Filament Length<br \/>\n<\/strong>(Cada Letra)<\/td><td class=\"column-4\"><strong>Consumed Filament Weight<br \/>\n<\/strong>(Cada Letra)<\/td><td class=\"column-5\"><strong>Costo de Filamento Usado<br \/>\n<\/strong>(Cada Letra)<\/td><td class=\"column-6\"><strong>Cantidad de Letras<br \/>\n<\/strong>(Cada Rollo de Filamento)<\/td>\n<\/tr>\n<tr class=\"row-3\">\n\t<td class=\"column-1\">Letra \"S\"<\/td><td class=\"column-2\">100 x 77 x 10   MM<\/td><td class=\"column-3\">4.71 metros<\/td><td class=\"column-4\">14.10 gramos<\/td><td class=\"column-5\">USD 0.16<\/td><td class=\"column-6\">70.9 letras<\/td>\n<\/tr>\n<tr class=\"row-4\">\n\t<td class=\"column-1\">Letra \"S\"<\/td><td class=\"column-2\">200 x 154 x 20 MM<\/td><td class=\"column-3\">18.23 metros<\/td><td class=\"column-4\">54.58 gramos<\/td><td class=\"column-5\">USD 0.62<\/td><td class=\"column-6\">18.3 letras<\/td>\n<\/tr>\n<tr class=\"row-5\">\n\t<td class=\"column-1\">Letra \"S\"<\/td><td class=\"column-2\">300 x 231 x 30 MM<\/td><td class=\"column-3\">39.34 metros<\/td><td class=\"column-4\">117.82 gramos<\/td><td class=\"column-5\">USD 1.34<\/td><td class=\"column-6\">8.5 letras<\/td>\n<\/tr>\n<tr class=\"row-6\">\n\t<td class=\"column-1\">Letra \"S\"<\/td><td class=\"column-2\">400 x 308 x 40 MM<\/td><td class=\"column-3\">69.01 metros<\/td><td class=\"column-4\">206.66 gramos<\/td><td class=\"column-5\">USD 2.36<\/td><td class=\"column-6\">4.8 letras<\/td>\n<\/tr>\n<tr class=\"row-7\">\n\t<td class=\"column-1\">Letra \"S\"<\/td><td class=\"column-2\">500 x 384 x 50 MM<\/td><td class=\"column-3\">106.97 metros<\/td><td class=\"column-4\">320.34 gramos<\/td><td class=\"column-5\">USD 3.65<\/td><td class=\"column-6\">3.1 letras<\/td>\n<\/tr>\n<tr class=\"row-8\">\n\t<td class=\"column-1\">Letra \"S\"<\/td><td class=\"column-2\">600 x 461 x 60 MM<\/td><td class=\"column-3\">153.64 metros<\/td><td class=\"column-4\">460.09 gramos<\/td><td class=\"column-5\">USD 5.25<\/td><td class=\"column-6\">2.2 letras<\/td>\n<\/tr>\n<tr class=\"row-9\">\n\t<td class=\"column-1\">Letra \"S\"<\/td><td class=\"column-2\">700 x 538 x 70 MM<\/td><td class=\"column-3\">208.25 metros<\/td><td class=\"column-4\">623.63 gramos<\/td><td class=\"column-5\">USD 7.11<\/td><td class=\"column-6\">1.6 letras<\/td>\n<\/tr>\n<tr class=\"row-10\">\n\t<td class=\"column-1\">Letra \"S\"<\/td><td class=\"column-2\">800 x 615 x 80 MM<\/td><td class=\"column-3\">271.16 metros<\/td><td class=\"column-4\">812.02 gramos<\/td><td class=\"column-5\">USD 9.26<\/td><td class=\"column-6\">1.2 letras<\/td>\n<\/tr>\n<tr class=\"row-11\">\n\t<td class=\"column-1\">Letra \"S\"<\/td><td class=\"column-2\">900 x 692 x 90 MM<\/td><td class=\"column-3\">343.00 metros<\/td><td class=\"column-4\">1027.13 gramos<\/td><td class=\"column-5\">USD 11.71<\/td><td class=\"column-6\">0.9 letras<\/td>\n<\/tr>\n<\/tbody>\n<tfoot>\n<tr class=\"row-12\">\n\t<th class=\"column-1\"><\/th><th class=\"column-2\"><\/th><th class=\"column-3\"><\/th><th class=\"column-4\"><\/th><th class=\"column-5\"><\/th><th class=\"column-6\"><\/th>\n<\/tr>\n<\/tfoot>\n<\/table>\n<!-- #tablepress-7 from cache -->\n<p>&nbsp;<\/p>","protected":false},"excerpt":{"rendered":"<p><strong>Nombre de Producto:<\/strong> Logotipo 3D WhatsApp Personalizado y Iluminado<\/p>\n<p><strong>Nombre de Marca:<\/strong> IROGA 3D<\/p>\n<p><strong>Material:<\/strong> Filamento de Impresi\u00f3n 3D PETG-S<\/p>\n<p><strong>Color:<\/strong> Un Solo Color<\/p>\n<p><strong>Estilo de Iluminaci\u00f3n:<\/strong> Iluminaci\u00f3n Frontal y Lateral<\/p>\n<p><strong>Hecho Por:<\/strong> Impresora 3D en China para Logotipos<\/p>","protected":false},"featured_media":4255,"comment_status":"closed","ping_status":"closed","template":"","meta":[],"product_cat":[103],"product_tag":[105],"class_list":{"0":"post-3233","1":"product","2":"type-product","3":"status-publish","4":"has-post-thumbnail","6":"product_cat-3d-printed-signage","7":"product_tag-3d-illuminated-signs","9":"first","10":"instock","11":"shipping-taxable","12":"product-type-simple"},"_links":{"self":[{"href":"https:\/\/www.iroga3d.com\/es\/wp-json\/wp\/v2\/product\/3233","targetHints":{"allow":["GET"]}}],"collection":[{"href":"https:\/\/www.iroga3d.com\/es\/wp-json\/wp\/v2\/product"}],"about":[{"href":"https:\/\/www.iroga3d.com\/es\/wp-json\/wp\/v2\/types\/product"}],"replies":[{"embeddable":true,"href":"https:\/\/www.iroga3d.com\/es\/wp-json\/wp\/v2\/comments?post=3233"}],"version-history":[{"count":7,"href":"https:\/\/www.iroga3d.com\/es\/wp-json\/wp\/v2\/product\/3233\/revisions"}],"predecessor-version":[{"id":4475,"href":"https:\/\/www.iroga3d.com\/es\/wp-json\/wp\/v2\/product\/3233\/revisions\/4475"}],"wp:featuredmedia":[{"embeddable":true,"href":"https:\/\/www.iroga3d.com\/es\/wp-json\/wp\/v2\/media\/4255"}],"wp:attachment":[{"href":"https:\/\/www.iroga3d.com\/es\/wp-json\/wp\/v2\/media?parent=3233"}],"wp:term":[{"taxonomy":"product_cat","embeddable":true,"href":"https:\/\/www.iroga3d.com\/es\/wp-json\/wp\/v2\/product_cat?post=3233"},{"taxonomy":"product_tag","embeddable":true,"href":"https:\/\/www.iroga3d.com\/es\/wp-json\/wp\/v2\/product_tag?post=3233"}],"curies":[{"name":"wp","href":"https:\/\/api.w.org\/{rel}","templated":true}]}}