{"id":2771,"date":"2025-05-28T10:08:03","date_gmt":"2025-05-28T02:08:03","guid":{"rendered":"https:\/\/www.iroga3d.com\/?post_type=product&#038;p=2771"},"modified":"2026-01-15T17:35:50","modified_gmt":"2026-01-15T09:35:50","slug":"3d-printing-signage-filament-in-translucent-purple-colour","status":"publish","type":"product","link":"https:\/\/www.iroga3d.com\/es\/producto\/3d-printing-signage-filament-in-translucent-purple-colour\/","title":{"rendered":"Filamentos de Impresi\u00f3n 3D para R\u00f3tulos en Color Rosado Transl\u00facido"},"content":{"rendered":"<h2>Filamentos de Impresi\u00f3n 3D para R\u00f3tulos en Color Rosado Transl\u00facido<\/h2>\n<p>&nbsp;<\/p>\n<h3>Informaci\u00f3n B\u00e1sica del Filamento de Impresi\u00f3n 3D para R\u00f3tulos<\/h3>\n<p class=\"translation-block\">Los <a href=\"https:\/\/www.iroga3d.com\/es\/categoria-producto\/3d-printing-filament\/\" target=\"_self\">filamentos de impresi\u00f3n 3D<\/a> para r\u00f3tulos son un tipo de material termopl\u00e1stico utilizado en impresoras 3D de modelado por deposici\u00f3n fundida (FDM). Consisten en una hebra larga y delgada de material (normalmente de 1.75 mm o 2.85 mm de di\u00e1metro) que se funde y extruye mediante una boquilla calentada para construir objetos tridimensionales capa a capa. Existen diferentes tipos de filamentos disponibles en el mercado, como PLA, PETG, ASA, TPU, ABS, nailon, etc.<\/p>\n<p class=\"translation-block\">Los diferentes tipos de filamentos tienen diferentes aplicaciones, y una importante es la impresi\u00f3n de se\u00f1alizaci\u00f3n, especialmente la se\u00f1alizaci\u00f3n iluminada por LED. Para imprimir una buena se\u00f1alizaci\u00f3n iluminada por LED, es necesario considerar algunos factores clave. El <a href=\"https:\/\/www.iroga3d.com\/es\/categoria-producto\/3d-printing-filament\/\" target=\"_self\">filamento de impresi\u00f3n 3D<\/a> para r\u00f3tulos de Iroga se llama PETG-S y est\u00e1 dise\u00f1ado para se\u00f1alizaci\u00f3n, especialmente se\u00f1alizaci\u00f3n iluminada exterior y letras de canal LED. Es resistente a los rayos UV, a altas y bajas temperaturas, impermeable y f\u00e1cil de imprimir con impresoras 3D FDM. Es perfecto para uso prolongado en exteriores. Haga clic aqu\u00ed para obtener m\u00e1s informaci\u00f3n sobre <strong><a href=\"https:\/\/www.iroga3d.com\/es\/the-most-important-factors-of-outdoor-3d-printing-filament\/\" target=\"_self\">los factores m\u00e1s importantes del filamento en exteriores<\/a><\/strong>.<\/p>\n<p><img fetchpriority=\"high\" decoding=\"async\" class=\"size-full wp-image-4386\" src=\"https:\/\/www.iroga3d.com\/wp-content\/uploads\/2025\/12\/TR-PR-1-1.jpg\" alt=\"3D Printing Signage Filament in Translucent Rosy Colour\" width=\"1020\" height=\"574\" srcset=\"https:\/\/www.iroga3d.com\/wp-content\/uploads\/2025\/12\/TR-PR-1-1.jpg 1020w, https:\/\/www.iroga3d.com\/wp-content\/uploads\/2025\/12\/TR-PR-1-1-300x169.jpg 300w, https:\/\/www.iroga3d.com\/wp-content\/uploads\/2025\/12\/TR-PR-1-1-768x432.jpg 768w, https:\/\/www.iroga3d.com\/wp-content\/uploads\/2025\/12\/TR-PR-1-1-18x10.jpg 18w, https:\/\/www.iroga3d.com\/wp-content\/uploads\/2025\/12\/TR-PR-1-1-500x281.jpg 500w\" sizes=\"(max-width: 1020px) 100vw, 1020px\" \/><\/p>\n<p><img decoding=\"async\" class=\"size-full wp-image-4430\" src=\"https:\/\/www.iroga3d.com\/wp-content\/uploads\/2025\/12\/TR-RS-2.jpg\" alt=\"Transparent Rosy 3D Printing Filament Supplier in China\" width=\"1020\" height=\"574\" srcset=\"https:\/\/www.iroga3d.com\/wp-content\/uploads\/2025\/12\/TR-RS-2.jpg 1020w, https:\/\/www.iroga3d.com\/wp-content\/uploads\/2025\/12\/TR-RS-2-300x169.jpg 300w, https:\/\/www.iroga3d.com\/wp-content\/uploads\/2025\/12\/TR-RS-2-768x432.jpg 768w, https:\/\/www.iroga3d.com\/wp-content\/uploads\/2025\/12\/TR-RS-2-18x10.jpg 18w, https:\/\/www.iroga3d.com\/wp-content\/uploads\/2025\/12\/TR-RS-2-500x281.jpg 500w\" sizes=\"(max-width: 1020px) 100vw, 1020px\" \/><\/p>\n<p><img decoding=\"async\" class=\"size-full wp-image-4390\" src=\"https:\/\/www.iroga3d.com\/wp-content\/uploads\/2025\/12\/TR-PR-5-1.jpg\" alt=\"Transparent Rosy 3D Printing Consummables Supplier in China\" width=\"1020\" height=\"574\" srcset=\"https:\/\/www.iroga3d.com\/wp-content\/uploads\/2025\/12\/TR-PR-5-1.jpg 1020w, https:\/\/www.iroga3d.com\/wp-content\/uploads\/2025\/12\/TR-PR-5-1-300x169.jpg 300w, https:\/\/www.iroga3d.com\/wp-content\/uploads\/2025\/12\/TR-PR-5-1-768x432.jpg 768w, https:\/\/www.iroga3d.com\/wp-content\/uploads\/2025\/12\/TR-PR-5-1-18x10.jpg 18w, https:\/\/www.iroga3d.com\/wp-content\/uploads\/2025\/12\/TR-PR-5-1-500x281.jpg 500w\" sizes=\"(max-width: 1020px) 100vw, 1020px\" \/><\/p>\n<p class=\"translation-block\">PETG-S es un tipo de filamento industrial, lo que significa que tiene un rendimiento superior para la impresi\u00f3n de se\u00f1alizaci\u00f3n y se produce para fines industriales. La fabricaci\u00f3n de <a href=\"https:\/\/www.iroga3d.com\/es\/categoria-producto\/3d-printing-filament\/\" target=\"_self\">filamentos de impresi\u00f3n 3D para r\u00f3tulos<\/a> implica varios pasos clave, desde la selecci\u00f3n del material, la mezclado y la peletizaci\u00f3n hasta la extrusi\u00f3n de filamentos, el bobinado de filamento y el control de calidad, el empaquetado de filamentos, etc. Si tiene inter\u00e9s en saber m\u00e1s sobre los pasos clave de la producci\u00f3n de filamentos de impresi\u00f3n 3D resistentes a la intemperie, haga clic aqu\u00ed para saber <a href=\"https:\/\/www.iroga3d.com\/es\/how-to-make-3d-printing-filament-from-a-to-z\/\" target=\"_self\"><strong>c\u00f3mo fabricar filamentos de impresi\u00f3n 3D de principio a fin<\/strong><\/a>.<\/p>\n<p class=\"translation-block\">Actualmente, disponemos de varios colores habituales de PETG-S, como blanco opaco, negro opaco, gris opaco, blanco transl\u00facido, rojo transl\u00facido, naranja transl\u00facido, amarillo transl\u00facido, verde transl\u00facido, azul transl\u00facido, turquesa transl\u00facido, rosado transl\u00facido y transparente. Si no disponemos del color que necesita, podemos personalizarlo seg\u00fan sus necesidades. El pedido m\u00ednimo de un color personalizado es de 100 rollos. El PETG-S de IROGA 3D se puede imprimir tanto en impresoras 3D de modelos como en <a href=\"https:\/\/www.iroga3d.com\/es\/categoria-producto\/3d-sign-printer\/\" target=\"_self\">impresoras 3D de se\u00f1alizaci\u00f3n<\/a> (m\u00e1quinas de impresi\u00f3n de letras 3D), tanto para usuarios aficionados como profesionales, tanto para productos de interior como de exterior.<\/p>\n<p><img loading=\"lazy\" decoding=\"async\" class=\"size-full wp-image-4431\" src=\"https:\/\/www.iroga3d.com\/wp-content\/uploads\/2025\/12\/TR-RS-4.jpg\" alt=\"Filamentos de Impresi\u00f3n 3D para R\u00f3tulos en Color Rosado Transl\u00facido\" width=\"1020\" height=\"574\" srcset=\"https:\/\/www.iroga3d.com\/wp-content\/uploads\/2025\/12\/TR-RS-4.jpg 1020w, https:\/\/www.iroga3d.com\/wp-content\/uploads\/2025\/12\/TR-RS-4-300x169.jpg 300w, https:\/\/www.iroga3d.com\/wp-content\/uploads\/2025\/12\/TR-RS-4-768x432.jpg 768w, https:\/\/www.iroga3d.com\/wp-content\/uploads\/2025\/12\/TR-RS-4-18x10.jpg 18w, https:\/\/www.iroga3d.com\/wp-content\/uploads\/2025\/12\/TR-RS-4-500x281.jpg 500w\" sizes=\"(max-width: 1020px) 100vw, 1020px\" \/><\/p>\n<p><img loading=\"lazy\" decoding=\"async\" class=\"size-full wp-image-4432\" src=\"https:\/\/www.iroga3d.com\/wp-content\/uploads\/2025\/12\/TR-RS-5.jpg\" alt=\"Transparent Purple 3D Printing Material Supplier in China\" width=\"1020\" height=\"574\" srcset=\"https:\/\/www.iroga3d.com\/wp-content\/uploads\/2025\/12\/TR-RS-5.jpg 1020w, https:\/\/www.iroga3d.com\/wp-content\/uploads\/2025\/12\/TR-RS-5-300x169.jpg 300w, https:\/\/www.iroga3d.com\/wp-content\/uploads\/2025\/12\/TR-RS-5-768x432.jpg 768w, https:\/\/www.iroga3d.com\/wp-content\/uploads\/2025\/12\/TR-RS-5-18x10.jpg 18w, https:\/\/www.iroga3d.com\/wp-content\/uploads\/2025\/12\/TR-RS-5-500x281.jpg 500w\" sizes=\"(max-width: 1020px) 100vw, 1020px\" \/><\/p>\n<p><img loading=\"lazy\" decoding=\"async\" class=\"size-full wp-image-4391\" src=\"https:\/\/www.iroga3d.com\/wp-content\/uploads\/2025\/12\/TR-PR-6-1.jpg\" alt=\"Transparent Rosy 3D Printing Consummables Factory in China\" width=\"1020\" height=\"574\" srcset=\"https:\/\/www.iroga3d.com\/wp-content\/uploads\/2025\/12\/TR-PR-6-1.jpg 1020w, https:\/\/www.iroga3d.com\/wp-content\/uploads\/2025\/12\/TR-PR-6-1-300x169.jpg 300w, https:\/\/www.iroga3d.com\/wp-content\/uploads\/2025\/12\/TR-PR-6-1-768x432.jpg 768w, https:\/\/www.iroga3d.com\/wp-content\/uploads\/2025\/12\/TR-PR-6-1-18x10.jpg 18w, https:\/\/www.iroga3d.com\/wp-content\/uploads\/2025\/12\/TR-PR-6-1-500x281.jpg 500w\" sizes=\"(max-width: 1020px) 100vw, 1020px\" \/><\/p>\n<p>&nbsp;<\/p>\n<h3>Ficha T\u00e9cnica del Filamento de Impresi\u00f3n 3D PETG-S<\/h3>\n\n<table id=\"tablepress-3\" class=\"tablepress tablepress-id-3\">\n<thead>\n<tr class=\"row-1\">\n\t<th class=\"column-1\"><\/th><th class=\"column-2\"><\/th><th class=\"column-3\"><\/th><th class=\"column-4\"><\/th>\n<\/tr>\n<\/thead>\n<tbody class=\"row-striping row-hover\">\n<tr class=\"row-2\">\n\t<td class=\"column-1\"><strong>\u00cdtem<\/strong><\/td><td class=\"column-2\"><strong>Par\u00e1metro<\/strong><\/td><td class=\"column-3\"><strong>\u00cdtem<\/strong><\/td><td class=\"column-4\"><strong>Par\u00e1metro<\/strong><\/td>\n<\/tr>\n<tr class=\"row-3\">\n\t<td class=\"column-1\">Tipo de Filamento<\/td><td class=\"column-2\">PETG-S<\/td><td class=\"column-3\">Temperatura de Impresi\u00f3n Recomendada<\/td><td class=\"column-4\">230 ~ 250 \u2103<\/td>\n<\/tr>\n<tr class=\"row-4\">\n\t<td class=\"column-1\">Peso Neto \/ Peso Bruto<\/td><td class=\"column-2\">1.0 KG \/ 1.3 KG<\/td><td class=\"column-3\">Temperatura de Plataforma Recomendada<\/td><td class=\"column-4\">50 ~ 80 \u2103<\/td>\n<\/tr>\n<tr class=\"row-5\">\n\t<td class=\"column-1\">Longitud<\/td><td class=\"column-2\">340 Metros\/Rollo<\/td><td class=\"column-3\">Temperatura de Transici\u00f3n V\u00edtrea<\/td><td class=\"column-4\">85 \u2103<\/td>\n<\/tr>\n<tr class=\"row-6\">\n\t<td class=\"column-1\">Di\u00e1metro<\/td><td class=\"column-2\">1.75 MM<\/td><td class=\"column-3\">Temperatura M\u00e1xima de Resistencia<\/td><td class=\"column-4\">70 \u2103<\/td>\n<\/tr>\n<tr class=\"row-7\">\n\t<td class=\"column-1\">Modo de Impresi\u00f3n<\/td><td class=\"column-2\">FDM (Modelado por Deposici\u00f3n Fundida)<\/td><td class=\"column-3\">Temperatura M\u00ednima de Resistencia<\/td><td class=\"column-4\">-40 \u2103<\/td>\n<\/tr>\n<tr class=\"row-8\">\n\t<td class=\"column-1\">Velocidad de Impresi\u00f3n<\/td><td class=\"column-2\">30 ~ 100 MM\/S<\/td><td class=\"column-3\">Impermeable<\/td><td class=\"column-4\">Bueno<\/td>\n<\/tr>\n<tr class=\"row-9\">\n\t<td class=\"column-1\">Tipo de Transparencia<\/td><td class=\"column-2\">Transl\u00facido \/ Opaco<\/td><td class=\"column-3\">Resistencia a Los Rayos UV<\/td><td class=\"column-4\">Bueno<\/td>\n<\/tr>\n<tr class=\"row-10\">\n\t<td class=\"column-1\">Color<\/td><td class=\"column-2\">Blanco, Negro, Gris, Rojo, Naranja, Amarillo, Verde, Azul, Turquesa, Rosado, etc<\/td><td class=\"column-3\">Efecto Difusor de Luz<\/td><td class=\"column-4\">Bueno<\/td>\n<\/tr>\n<tr class=\"row-11\">\n\t<td class=\"column-1\">Tama\u00f1o de Bobina<\/td><td class=\"column-2\">200 x 200 x 60 MM<\/td><td class=\"column-3\">Grado de Dificultad de Impresi\u00f3n<\/td><td class=\"column-4\">F\u00e1cil (Sin Bloqueos)<\/td>\n<\/tr>\n<tr class=\"row-12\">\n\t<td class=\"column-1\">Tama\u00f1o de Paquete<\/td><td class=\"column-2\">440 x 440 x 220 MM<\/td><td class=\"column-3\">Cantidad de Embalaje<\/td><td class=\"column-4\">12 Rollos\/Caja de Cart\u00f3n<\/td>\n<\/tr>\n<tr class=\"row-13\">\n\t<td class=\"column-1\">Aplicaci\u00f3n<\/td><td class=\"column-2\">Se\u00f1alizaci\u00f3n &amp; Modelo<\/td><td class=\"column-3\">Funci\u00f3n<\/td><td class=\"column-4\">Exterior &amp; Interior<\/td>\n<\/tr>\n<tr class=\"row-14\">\n\t<td class=\"column-1\">Densidad<\/td><td class=\"column-2\">1.25 G\/CM\u00b3<\/td><td class=\"column-3\">Absorci\u00f3n de Humedad<\/td><td class=\"column-4\">0.12%<\/td>\n<\/tr>\n<tr class=\"row-15\">\n\t<td class=\"column-1\">Resistencia a La Tracci\u00f3n<\/td><td class=\"column-2\">50 Mpa<\/td><td class=\"column-3\">Alargamiento en El L\u00edmite El\u00e1stico<\/td><td class=\"column-4\">4%<\/td>\n<\/tr>\n<tr class=\"row-16\">\n\t<td class=\"column-1\">Resistencia a La Flexi\u00f3n<\/td><td class=\"column-2\">68 Mpa<\/td><td class=\"column-3\">Alargamiento de Rotura<\/td><td class=\"column-4\">21.5%<\/td>\n<\/tr>\n<tr class=\"row-17\">\n\t<td class=\"column-1\">Resistencia al Impacto Charpy<\/td><td class=\"column-2\">7.9 KJ\/M\u00b2<\/td><td class=\"column-3\">M\u00f3dulo de Flexi\u00f3n<\/td><td class=\"column-4\">2027 Mpa<\/td>\n<\/tr>\n<tr class=\"row-18\">\n\t<td class=\"column-1\">C\u00f3digo HS<\/td><td class=\"column-2\">3916909000<\/td><td class=\"column-3\">Durabilidad<\/td><td class=\"column-4\">5 ~ 10 A\u00f1os para Uso en Exteriores<\/td>\n<\/tr>\n<\/tbody>\n<tfoot>\n<tr class=\"row-19\">\n\t<th class=\"column-1\"><\/th><th class=\"column-2\"><\/th><th class=\"column-3\"><\/th><th class=\"column-4\"><\/th>\n<\/tr>\n<\/tfoot>\n<\/table>\n<!-- #tablepress-3 from cache -->\n<p>&nbsp;<\/p>\n<p><iframe title=\"3D Printing Machine for LED Channel Letters ABC\" width=\"1020\" height=\"574\" src=\"https:\/\/www.youtube.com\/embed\/9cxMYjeGH1w?feature=oembed\" frameborder=\"0\" allow=\"accelerometer; autoplay; clipboard-write; encrypted-media; gyroscope; picture-in-picture; web-share\" referrerpolicy=\"strict-origin-when-cross-origin\" allowfullscreen><\/iframe><\/p>\n<p>&nbsp;<\/p>\n<h3>Preguntas Frecuentes sobre Filamentos de Impresi\u00f3n 3D<\/h3>\n\n<table id=\"tablepress-6\" class=\"tablepress tablepress-id-6\">\n<thead>\n<tr class=\"row-1\">\n\t<th class=\"column-1\"><\/th><th class=\"column-2\"><\/th>\n<\/tr>\n<\/thead>\n<tbody class=\"row-hover\">\n<tr class=\"row-2\">\n\t<td class=\"column-1\"><\/td><td class=\"column-2\"><strong>Q1: \u00bfCu\u00e1l es el MOQ del filamento de impresi\u00f3n 3D?<\/strong><\/td>\n<\/tr>\n<tr class=\"row-3\">\n\t<td class=\"column-1\"><\/td><td class=\"column-2\">A1: 1 rollo.<\/td>\n<\/tr>\n<tr class=\"row-4\">\n\t<td class=\"column-1\"><\/td><td class=\"column-2\"><\/td>\n<\/tr>\n<tr class=\"row-5\">\n\t<td class=\"column-1\"><\/td><td class=\"column-2\"><strong>Q2: \u00bfSe puede personalizar el color del filamento?<\/strong><\/td>\n<\/tr>\n<tr class=\"row-6\">\n\t<td class=\"column-1\"><\/td><td class=\"column-2\">A2: S\u00ed, el MOQ de personalizaci\u00f3n de color es de 100 rollos.<\/td>\n<\/tr>\n<tr class=\"row-7\">\n\t<td class=\"column-1\"><\/td><td class=\"column-2\"><\/td>\n<\/tr>\n<tr class=\"row-8\">\n\t<td class=\"column-1\"><\/td><td class=\"column-2\"><strong>Q3: \u00bfQu\u00e9 es el t\u00e9rmino de precio?<\/strong><\/td>\n<\/tr>\n<tr class=\"row-9\">\n\t<td class=\"column-1\"><\/td><td class=\"column-2\">A3: Podemos tratar con EXW, FOB, CIF, DDP.<\/td>\n<\/tr>\n<tr class=\"row-10\">\n\t<td class=\"column-1\"><\/td><td class=\"column-2\"><\/td>\n<\/tr>\n<tr class=\"row-11\">\n\t<td class=\"column-1\"><\/td><td class=\"column-2\"><strong>Q4: \u00bfQu\u00e9 es la forma de pago?<\/strong><\/td>\n<\/tr>\n<tr class=\"row-12\">\n\t<td class=\"column-1\"><\/td><td class=\"column-2\">A4: La forma de pago usual es T\/T (Transferencia Telegr\u00e1fica o Transferencia Bancaria), 30% dep\u00f3sito y 70% restante.<\/td>\n<\/tr>\n<tr class=\"row-13\">\n\t<td class=\"column-1\"><\/td><td class=\"column-2\"><\/td>\n<\/tr>\n<tr class=\"row-14\">\n\t<td class=\"column-1\"><\/td><td class=\"column-2\"><strong>Q5: \u00bfPueden entregar los filamentos de impresi\u00f3n 3D a mi almac\u00e9n?<\/strong><\/td>\n<\/tr>\n<tr class=\"row-15\">\n\t<td class=\"column-1\"><\/td><td class=\"column-2\">A5: S\u00ed, podemos. En este caso, se utilizar\u00e1 el m\u00e9todo DDP, entregaremos los filamentos de impresi\u00f3n 3D a su almac\u00e9n o taller.<\/td>\n<\/tr>\n<tr class=\"row-16\">\n\t<td class=\"column-1\"><\/td><td class=\"column-2\"><\/td>\n<\/tr>\n<tr class=\"row-17\">\n\t<td class=\"column-1\"><\/td><td class=\"column-2\"><strong>P6: \u00bfC\u00f3mo se entregan los filamentos de impresi\u00f3n 3D?<\/strong><\/td>\n<\/tr>\n<tr class=\"row-18\">\n\t<td class=\"column-1\"><\/td><td class=\"column-2\">A6: Puede ser por mar o por aire, depende de usted.<\/td>\n<\/tr>\n<tr class=\"row-19\">\n\t<td class=\"column-1\"><\/td><td class=\"column-2\"><\/td>\n<\/tr>\n<tr class=\"row-20\">\n\t<td class=\"column-1\"><\/td><td class=\"column-2\"><strong>P7: \u00bfC\u00f3mo se empaquetan los filamentos de impresi\u00f3n 3D?<\/strong><\/td>\n<\/tr>\n<tr class=\"row-21\">\n\t<td class=\"column-1\"><\/td><td class=\"column-2\">A7: Se empaquetan en una caja de cart\u00f3n de exportaci\u00f3n est\u00e1ndar y cada rollo con una bolsa de vac\u00edo.<\/td>\n<\/tr>\n<tr class=\"row-22\">\n\t<td class=\"column-1\"><\/td><td class=\"column-2\"><\/td>\n<\/tr>\n<tr class=\"row-23\">\n\t<td class=\"column-1\"><\/td><td class=\"column-2\"><strong>Q8: \u00bfQu\u00e9 puedo hacer si hay da\u00f1os durante la entrega?<\/strong><\/td>\n<\/tr>\n<tr class=\"row-24\">\n\t<td class=\"column-1\"><\/td><td class=\"column-2\">A8: Seremos responsables si hay alg\u00fan da\u00f1o durante la entrega, enviaremos un nuevo filamento para reemplazo o reembolso.<\/td>\n<\/tr>\n<tr class=\"row-25\">\n\t<td class=\"column-1\"><\/td><td class=\"column-2\"><\/td>\n<\/tr>\n<tr class=\"row-26\">\n\t<td class=\"column-1\"><\/td><td class=\"column-2\"><strong>Q9: \u00bfHay alguna garant\u00eda para el producto?<\/strong><\/td>\n<\/tr>\n<tr class=\"row-27\">\n\t<td class=\"column-1\"><\/td><td class=\"column-2\">A9: S\u00ed, todos nuestros productos tienen un a\u00f1o de garant\u00eda de calidad y el soporte t\u00e9cnico ser\u00e1 de por vida.<\/td>\n<\/tr>\n<tr class=\"row-28\">\n\t<td class=\"column-1\"><\/td><td class=\"column-2\"><\/td>\n<\/tr>\n<tr class=\"row-29\">\n\t<td class=\"column-1\"><\/td><td class=\"column-2\"><strong>Q10: \u00bfEs f\u00e1cil que la boquilla quede atascada?<\/strong><\/td>\n<\/tr>\n<tr class=\"row-30\">\n\t<td class=\"column-1\"><\/td><td class=\"column-2\">A10: No, rara vez se atasca o se obstruye en la boquilla, es un filamento muy suave que es adecuado para todas las impresoras 3D FDM.<\/td>\n<\/tr>\n<tr class=\"row-31\">\n\t<td class=\"column-1\"><\/td><td class=\"column-2\"><\/td>\n<\/tr>\n<tr class=\"row-32\">\n\t<td class=\"column-1\"><\/td><td class=\"column-2\"><strong>Q11: \u00bfEs resistente al calor y a los rayos UV?<\/strong><\/td>\n<\/tr>\n<tr class=\"row-33\">\n\t<td class=\"column-1\"><\/td><td class=\"column-2\">A11: S\u00ed, nuestro filamento de impresi\u00f3n 3D PETG-S es resistente al calor y a los rayos UV, por lo que se puede utilizar en exteriores durante mucho tiempo.<\/td>\n<\/tr>\n<tr class=\"row-34\">\n\t<td class=\"column-1\"><\/td><td class=\"column-2\"><\/td>\n<\/tr>\n<tr class=\"row-35\">\n\t<td class=\"column-1\"><\/td><td class=\"column-2\"><strong>Q12: \u00bfCu\u00e1nto es?<\/strong><\/td>\n<\/tr>\n<tr class=\"row-36\">\n\t<td class=\"column-1\"><\/td><td class=\"column-2\">A12: No dude en ponerse en contacto con nuestro personal de ventas para conocer precios y otros detalles por correo electr\u00f3nico, WhatsApp, WeChat o tel\u00e9fono, podemos hablar chino, ingl\u00e9s y espa\u00f1ol.<\/td>\n<\/tr>\n<tr class=\"row-37\">\n\t<td class=\"column-1\"><\/td><td class=\"column-2\"><\/td>\n<\/tr>\n<\/tbody>\n<tfoot>\n<tr class=\"row-38\">\n\t<th class=\"column-1\"><\/th><th class=\"column-2\"><\/th>\n<\/tr>\n<\/tfoot>\n<\/table>\n<!-- #tablepress-6 from cache -->\n<p>&nbsp;<\/p>\n<p><iframe title=\"3D Printing Filament in Translucent Rosy Color #3dprinting #3dprintingfilament\" width=\"1020\" height=\"574\" src=\"https:\/\/www.youtube.com\/embed\/GKte__5mF-E?feature=oembed\" frameborder=\"0\" allow=\"accelerometer; autoplay; clipboard-write; encrypted-media; gyroscope; picture-in-picture; web-share\" referrerpolicy=\"strict-origin-when-cross-origin\" allowfullscreen><\/iframe><\/p>\n<p>&nbsp;<\/p>","protected":false},"excerpt":{"rendered":"<p><strong>Nombre de Producto:<\/strong> Filamentos de Impresi\u00f3n 3D para R\u00f3tulos en Color Rosado Transl\u00facido<\/p>\n<p><strong>Modelo de Producto:<\/strong> TR-RS<\/p>\n<p><strong>Tipo de Filamento:<\/strong> PETG-S<\/p>\n<p><strong>Nombre de Marca:<\/strong> IROGA 3D<\/p>\n<p><strong>Color:<\/strong> Rosado Transl\u00facido<\/p>\n<p><strong>Longitud:<\/strong> 340 Metros\/Rollo<\/p>\n<p><strong>Di\u00e1metro:<\/strong> 1.75 MM<\/p>\n<p><strong>Peso Neto:<\/strong> 1.0 KG<\/p>\n<p><strong>Peso Bruto:<\/strong> 1.3 KG<\/p>\n<p><strong>Aplicaci\u00f3n:<\/strong> Impresoras de Se\u00f1alizaci\u00f3n 3D \/ Impresoras de Modelos 3D<\/p>","protected":false},"featured_media":4377,"comment_status":"closed","ping_status":"closed","template":"","meta":[],"product_cat":[32],"product_tag":[96],"class_list":{"0":"post-2771","1":"product","2":"type-product","3":"status-publish","4":"has-post-thumbnail","6":"product_cat-3d-printing-filament","7":"product_tag-translucent-filament","9":"first","10":"instock","11":"shipping-taxable","12":"product-type-simple"},"_links":{"self":[{"href":"https:\/\/www.iroga3d.com\/es\/wp-json\/wp\/v2\/product\/2771","targetHints":{"allow":["GET"]}}],"collection":[{"href":"https:\/\/www.iroga3d.com\/es\/wp-json\/wp\/v2\/product"}],"about":[{"href":"https:\/\/www.iroga3d.com\/es\/wp-json\/wp\/v2\/types\/product"}],"replies":[{"embeddable":true,"href":"https:\/\/www.iroga3d.com\/es\/wp-json\/wp\/v2\/comments?post=2771"}],"version-history":[{"count":13,"href":"https:\/\/www.iroga3d.com\/es\/wp-json\/wp\/v2\/product\/2771\/revisions"}],"predecessor-version":[{"id":4511,"href":"https:\/\/www.iroga3d.com\/es\/wp-json\/wp\/v2\/product\/2771\/revisions\/4511"}],"wp:featuredmedia":[{"embeddable":true,"href":"https:\/\/www.iroga3d.com\/es\/wp-json\/wp\/v2\/media\/4377"}],"wp:attachment":[{"href":"https:\/\/www.iroga3d.com\/es\/wp-json\/wp\/v2\/media?parent=2771"}],"wp:term":[{"taxonomy":"product_cat","embeddable":true,"href":"https:\/\/www.iroga3d.com\/es\/wp-json\/wp\/v2\/product_cat?post=2771"},{"taxonomy":"product_tag","embeddable":true,"href":"https:\/\/www.iroga3d.com\/es\/wp-json\/wp\/v2\/product_tag?post=2771"}],"curies":[{"name":"wp","href":"https:\/\/api.w.org\/{rel}","templated":true}]}}