{"id":177,"date":"2017-04-28T13:21:33","date_gmt":"2017-04-28T13:21:33","guid":{"rendered":"http:\/\/f.fobwp.com\/?post_type=product&#038;p=177"},"modified":"2026-01-21T09:08:09","modified_gmt":"2026-01-21T01:08:09","slug":"brass-nozzle-for-3d-sign-printer","status":"publish","type":"product","link":"https:\/\/www.iroga3d.com\/es\/producto\/brass-nozzle-for-3d-sign-printer\/","title":{"rendered":"Boquilla de Lat\u00f3n para Impresora de Letrero 3D"},"content":{"rendered":"<h2>Boquilla de Lat\u00f3n para Impresora de Letrero 3D<\/h2>\n<p>&nbsp;<\/p>\n<h3>Informaci\u00f3n B\u00e1sica de Las Boquillas<\/h3>\n<p>Esta es una boquilla de lat\u00f3n para impresoras 3D de r\u00f3tulos. La boquilla es el componente de una impresora 3D de r\u00f3tulos que aplica el filamento fundido a la cama de impresi\u00f3n. Existen varios tipos de boquillas para impresoras 3D, y es importante utilizar correctamente sus diferentes resistencias. Las boquillas de lat\u00f3n y de acero son ideales para la impresi\u00f3n 3D general en modo FDM, y las de di\u00e1metro 0.8 mm o 0.6 mm son ideales para impresoras 3D de r\u00f3tulos en modo FDM, ya que un di\u00e1metro mayor permite una mayor velocidad de impresi\u00f3n y evita atascos.<\/p>\n<p><img fetchpriority=\"high\" decoding=\"async\" class=\"alignnone size-full wp-image-4293\" src=\"https:\/\/www.iroga3d.com\/wp-content\/uploads\/2025\/12\/BOQUILLA-1.webp\" alt=\"\" width=\"1020\" height=\"574\" srcset=\"https:\/\/www.iroga3d.com\/wp-content\/uploads\/2025\/12\/BOQUILLA-1.webp 1020w, https:\/\/www.iroga3d.com\/wp-content\/uploads\/2025\/12\/BOQUILLA-1-300x169.webp 300w, https:\/\/www.iroga3d.com\/wp-content\/uploads\/2025\/12\/BOQUILLA-1-768x432.webp 768w, https:\/\/www.iroga3d.com\/wp-content\/uploads\/2025\/12\/BOQUILLA-1-18x10.webp 18w, https:\/\/www.iroga3d.com\/wp-content\/uploads\/2025\/12\/BOQUILLA-1-500x281.webp 500w\" sizes=\"(max-width: 1020px) 100vw, 1020px\" \/><\/p>\n<p><img decoding=\"async\" class=\"alignnone size-full wp-image-4294\" src=\"https:\/\/www.iroga3d.com\/wp-content\/uploads\/2025\/12\/BOQUILLA-2.webp\" alt=\"\" width=\"1020\" height=\"574\" srcset=\"https:\/\/www.iroga3d.com\/wp-content\/uploads\/2025\/12\/BOQUILLA-2.webp 1020w, https:\/\/www.iroga3d.com\/wp-content\/uploads\/2025\/12\/BOQUILLA-2-300x169.webp 300w, https:\/\/www.iroga3d.com\/wp-content\/uploads\/2025\/12\/BOQUILLA-2-768x432.webp 768w, https:\/\/www.iroga3d.com\/wp-content\/uploads\/2025\/12\/BOQUILLA-2-18x10.webp 18w, https:\/\/www.iroga3d.com\/wp-content\/uploads\/2025\/12\/BOQUILLA-2-500x281.webp 500w\" sizes=\"(max-width: 1020px) 100vw, 1020px\" \/><\/p>\n<p><img decoding=\"async\" class=\"alignnone size-full wp-image-4295\" src=\"https:\/\/www.iroga3d.com\/wp-content\/uploads\/2025\/12\/BOQUILLA-3.webp\" alt=\"\" width=\"1020\" height=\"574\" srcset=\"https:\/\/www.iroga3d.com\/wp-content\/uploads\/2025\/12\/BOQUILLA-3.webp 1020w, https:\/\/www.iroga3d.com\/wp-content\/uploads\/2025\/12\/BOQUILLA-3-300x169.webp 300w, https:\/\/www.iroga3d.com\/wp-content\/uploads\/2025\/12\/BOQUILLA-3-768x432.webp 768w, https:\/\/www.iroga3d.com\/wp-content\/uploads\/2025\/12\/BOQUILLA-3-18x10.webp 18w, https:\/\/www.iroga3d.com\/wp-content\/uploads\/2025\/12\/BOQUILLA-3-500x281.webp 500w\" sizes=\"(max-width: 1020px) 100vw, 1020px\" \/><\/p>\n<p>En este caso, se preinstalar\u00e1 una boquilla de lat\u00f3n de 0.8 mm de di\u00e1metro o una de acero de 0.6 mm en la impresora de se\u00f1alizaci\u00f3n 3D, y se ofrecer\u00e1n varias boquillas de lat\u00f3n o de acero adicionales como repuestos junto con la impresora. Generalmente, las boquillas de acero son m\u00e1s duraderas que las de lat\u00f3n, en otras palabras, las boquillas de acero ofrecen un mejor rendimiento en la industria de la impresi\u00f3n 3D, por lo que se instalar\u00e1n boquillas de acero en las impresoras de se\u00f1alizaci\u00f3n de IROGA 3D, mientras que tambi\u00e9n se ofrecer\u00e1n boquillas de acero como repuestos.<\/p>\n<p><img loading=\"lazy\" decoding=\"async\" class=\"alignnone size-full wp-image-4296\" src=\"https:\/\/www.iroga3d.com\/wp-content\/uploads\/2025\/12\/BOQUILLA-4.webp\" alt=\"\" width=\"1020\" height=\"574\" srcset=\"https:\/\/www.iroga3d.com\/wp-content\/uploads\/2025\/12\/BOQUILLA-4.webp 1020w, https:\/\/www.iroga3d.com\/wp-content\/uploads\/2025\/12\/BOQUILLA-4-300x169.webp 300w, https:\/\/www.iroga3d.com\/wp-content\/uploads\/2025\/12\/BOQUILLA-4-768x432.webp 768w, https:\/\/www.iroga3d.com\/wp-content\/uploads\/2025\/12\/BOQUILLA-4-18x10.webp 18w, https:\/\/www.iroga3d.com\/wp-content\/uploads\/2025\/12\/BOQUILLA-4-500x281.webp 500w\" sizes=\"(max-width: 1020px) 100vw, 1020px\" \/><\/p>\n<p><img loading=\"lazy\" decoding=\"async\" class=\"alignnone size-full wp-image-4297\" src=\"https:\/\/www.iroga3d.com\/wp-content\/uploads\/2025\/12\/BOQUILLA-5.webp\" alt=\"\" width=\"1020\" height=\"574\" srcset=\"https:\/\/www.iroga3d.com\/wp-content\/uploads\/2025\/12\/BOQUILLA-5.webp 1020w, https:\/\/www.iroga3d.com\/wp-content\/uploads\/2025\/12\/BOQUILLA-5-300x169.webp 300w, https:\/\/www.iroga3d.com\/wp-content\/uploads\/2025\/12\/BOQUILLA-5-768x432.webp 768w, https:\/\/www.iroga3d.com\/wp-content\/uploads\/2025\/12\/BOQUILLA-5-18x10.webp 18w, https:\/\/www.iroga3d.com\/wp-content\/uploads\/2025\/12\/BOQUILLA-5-500x281.webp 500w\" sizes=\"(max-width: 1020px) 100vw, 1020px\" \/><\/p>\n<p><img loading=\"lazy\" decoding=\"async\" class=\"alignnone size-full wp-image-4298\" src=\"https:\/\/www.iroga3d.com\/wp-content\/uploads\/2025\/12\/BOQUILLA-6.webp\" alt=\"\" width=\"1020\" height=\"574\" srcset=\"https:\/\/www.iroga3d.com\/wp-content\/uploads\/2025\/12\/BOQUILLA-6.webp 1020w, https:\/\/www.iroga3d.com\/wp-content\/uploads\/2025\/12\/BOQUILLA-6-300x169.webp 300w, https:\/\/www.iroga3d.com\/wp-content\/uploads\/2025\/12\/BOQUILLA-6-768x432.webp 768w, https:\/\/www.iroga3d.com\/wp-content\/uploads\/2025\/12\/BOQUILLA-6-18x10.webp 18w, https:\/\/www.iroga3d.com\/wp-content\/uploads\/2025\/12\/BOQUILLA-6-500x281.webp 500w\" sizes=\"(max-width: 1020px) 100vw, 1020px\" \/><\/p>\n<p>&nbsp;<\/p>\n<h3>Accesorios Gratuitos de La Impresora 3D para Letreros de IROGA<\/h3>\n\n<table id=\"tablepress-4\" class=\"tablepress tablepress-id-4\">\n<thead>\n<tr class=\"row-1\">\n\t<th class=\"column-1\"><\/th><th class=\"column-2\"><\/th><th class=\"column-3\"><\/th>\n<\/tr>\n<\/thead>\n<tbody class=\"row-striping row-hover\">\n<tr class=\"row-2\">\n\t<td class=\"column-1\"><strong>Nombre de Accesorio<\/strong><\/td><td class=\"column-2\"><strong>Cantidad<\/strong><\/td><td class=\"column-3\"><strong>Unidad<\/strong><\/td>\n<\/tr>\n<tr class=\"row-3\">\n\t<td class=\"column-1\">  Pegamento de Plataforma<\/td><td class=\"column-2\">2<\/td><td class=\"column-3\">Botella<\/td>\n<\/tr>\n<tr class=\"row-4\">\n\t<td class=\"column-1\">  Boquilla de 0.6 mm \/ 0.8 mm<\/td><td class=\"column-2\">5<\/td><td class=\"column-3\">Pieza<\/td>\n<\/tr>\n<tr class=\"row-5\">\n\t<td class=\"column-1\">  Tarjeta SD<\/td><td class=\"column-2\">1<\/td><td class=\"column-3\">Pieza<\/td>\n<\/tr>\n<tr class=\"row-6\">\n\t<td class=\"column-1\">  Lector de Tarjeta SD<\/td><td class=\"column-2\">1<\/td><td class=\"column-3\">Pieza<\/td>\n<\/tr>\n<tr class=\"row-7\">\n\t<td class=\"column-1\">  Dongle para Software de Corte<\/td><td class=\"column-2\">1<\/td><td class=\"column-3\">Pieza<\/td>\n<\/tr>\n<tr class=\"row-8\">\n\t<td class=\"column-1\">  Tubo de Hierro<\/td><td class=\"column-2\">1<\/td><td class=\"column-3\">Pieza<\/td>\n<\/tr>\n<tr class=\"row-9\">\n\t<td class=\"column-1\">  Tubo de Tefl\u00f3n<\/td><td class=\"column-2\">1<\/td><td class=\"column-3\">Pieza<\/td>\n<\/tr>\n<tr class=\"row-10\">\n\t<td class=\"column-1\">  L\u00ednea de Control de Temperatura<\/td><td class=\"column-2\">1<\/td><td class=\"column-3\">Unidad<\/td>\n<\/tr>\n<tr class=\"row-11\">\n\t<td class=\"column-1\">  Calentador<\/td><td class=\"column-2\">1<\/td><td class=\"column-3\">Unidad<\/td>\n<\/tr>\n<tr class=\"row-12\">\n\t<td class=\"column-1\">  Llaves Allen<\/td><td class=\"column-2\">1<\/td><td class=\"column-3\">Unidad<\/td>\n<\/tr>\n<tr class=\"row-13\">\n\t<td class=\"column-1\">  Destornillador Phillips<\/td><td class=\"column-2\">1<\/td><td class=\"column-3\">Pieza<\/td>\n<\/tr>\n<tr class=\"row-14\">\n\t<td class=\"column-1\">  Llave de Tubo N. 7<\/td><td class=\"column-2\">1<\/td><td class=\"column-3\">Pieza<\/td>\n<\/tr>\n<\/tbody>\n<tfoot>\n<tr class=\"row-15\">\n\t<th class=\"column-1\"><\/th><th class=\"column-2\"><\/th><th class=\"column-3\"><\/th>\n<\/tr>\n<\/tfoot>\n<\/table>\n<!-- #tablepress-4 from cache -->\n<p>&nbsp;<\/p>\n<p><iframe title=\"3D Printing Workshop for Illuminated Signs and LED Channel Letters Made by 3D Printers #3dprinter\" width=\"1020\" height=\"574\" src=\"https:\/\/www.youtube.com\/embed\/hQMPWbJEgdU?feature=oembed\" frameborder=\"0\" allow=\"accelerometer; autoplay; clipboard-write; encrypted-media; gyroscope; picture-in-picture; web-share\" referrerpolicy=\"strict-origin-when-cross-origin\" allowfullscreen><\/iframe><\/p>\n<p>&nbsp;<\/p>","protected":false},"excerpt":{"rendered":"<p><strong>Nombre de Producto:<\/strong> Boquilla de Lat\u00f3n para Impresora de Letrero 3D<\/p>\n<p><strong>Modelo de Producto:<\/strong> BOQUILLA<\/p>\n<p><strong>Nombre de Marca:<\/strong> IROGA 3D<\/p>\n<p><strong>Color:<\/strong> Dorado<\/p>\n<p><strong>Material:<\/strong> Lat\u00f3n<\/p>\n<p><strong>Di\u00e1metro:<\/strong> 0.8 MM<\/p>\n<p><strong>Aplicaci\u00f3n:<\/strong> Impresoras de Letrero 3D \/ Impresoras de Modelo 3D<\/p>","protected":false},"featured_media":4320,"comment_status":"closed","ping_status":"closed","template":"","meta":[],"product_cat":[18],"product_tag":[],"class_list":{"0":"post-177","1":"product","2":"type-product","3":"status-publish","4":"has-post-thumbnail","6":"product_cat-3d-printer-accessory","8":"first","9":"instock","10":"featured","11":"shipping-taxable","12":"product-type-simple"},"_links":{"self":[{"href":"https:\/\/www.iroga3d.com\/es\/wp-json\/wp\/v2\/product\/177","targetHints":{"allow":["GET"]}}],"collection":[{"href":"https:\/\/www.iroga3d.com\/es\/wp-json\/wp\/v2\/product"}],"about":[{"href":"https:\/\/www.iroga3d.com\/es\/wp-json\/wp\/v2\/types\/product"}],"replies":[{"embeddable":true,"href":"https:\/\/www.iroga3d.com\/es\/wp-json\/wp\/v2\/comments?post=177"}],"version-history":[{"count":8,"href":"https:\/\/www.iroga3d.com\/es\/wp-json\/wp\/v2\/product\/177\/revisions"}],"predecessor-version":[{"id":4536,"href":"https:\/\/www.iroga3d.com\/es\/wp-json\/wp\/v2\/product\/177\/revisions\/4536"}],"wp:featuredmedia":[{"embeddable":true,"href":"https:\/\/www.iroga3d.com\/es\/wp-json\/wp\/v2\/media\/4320"}],"wp:attachment":[{"href":"https:\/\/www.iroga3d.com\/es\/wp-json\/wp\/v2\/media?parent=177"}],"wp:term":[{"taxonomy":"product_cat","embeddable":true,"href":"https:\/\/www.iroga3d.com\/es\/wp-json\/wp\/v2\/product_cat?post=177"},{"taxonomy":"product_tag","embeddable":true,"href":"https:\/\/www.iroga3d.com\/es\/wp-json\/wp\/v2\/product_tag?post=177"}],"curies":[{"name":"wp","href":"https:\/\/api.w.org\/{rel}","templated":true}]}}