{"id":174,"date":"2017-04-28T13:12:46","date_gmt":"2017-04-28T13:12:46","guid":{"rendered":"http:\/\/f.fobwp.com\/?post_type=product&#038;p=174"},"modified":"2026-01-21T09:10:18","modified_gmt":"2026-01-21T01:10:18","slug":"usb-disk-and-sd-card","status":"publish","type":"product","link":"https:\/\/www.iroga3d.com\/es\/producto\/usb-disk-and-sd-card\/","title":{"rendered":"Tarjeta SD y Lector de Tarjeta SD"},"content":{"rendered":"<h2>Tarjeta SD y Lector de Tarjeta SD<\/h2>\n<p>&nbsp;<\/p>\n<h3>Informaci\u00f3n B\u00e1sica de Tarjeta SD y Lector de Tarjeta SD<\/h3>\n<p>Esta es una combinaci\u00f3n de tarjeta SD y lector de tarjeta SD, con una capacidad de almacenamiento de 8 GB, que se utiliza para almacenar y transferir archivos de impresi\u00f3n 3D. Al completar un archivo de impresi\u00f3n 3D en el software de corte, podemos copiarlo desde el ordenador y pegarlo en la tarjeta SD. Para transferir el archivo de impresi\u00f3n 3D a la impresora de letreros 3D, hay dos maneras: insertar la tarjeta SD directamente en el puerto de la carcasa de la impresora, y junto con el lector, insertarla en el puerto USB de la carcasa.<\/p>\n<p><img fetchpriority=\"high\" decoding=\"async\" class=\"alignnone size-full wp-image-4317\" src=\"https:\/\/www.iroga3d.com\/wp-content\/uploads\/2025\/12\/TARJETA-1.webp\" alt=\"\" width=\"1020\" height=\"574\" srcset=\"https:\/\/www.iroga3d.com\/wp-content\/uploads\/2025\/12\/TARJETA-1.webp 1020w, https:\/\/www.iroga3d.com\/wp-content\/uploads\/2025\/12\/TARJETA-1-300x169.webp 300w, https:\/\/www.iroga3d.com\/wp-content\/uploads\/2025\/12\/TARJETA-1-768x432.webp 768w, https:\/\/www.iroga3d.com\/wp-content\/uploads\/2025\/12\/TARJETA-1-18x10.webp 18w, https:\/\/www.iroga3d.com\/wp-content\/uploads\/2025\/12\/TARJETA-1-500x281.webp 500w\" sizes=\"(max-width: 1020px) 100vw, 1020px\" \/><\/p>\n<p><img decoding=\"async\" class=\"alignnone size-full wp-image-4312\" src=\"https:\/\/www.iroga3d.com\/wp-content\/uploads\/2025\/12\/TARJETA-2.webp\" alt=\"\" width=\"1020\" height=\"574\" srcset=\"https:\/\/www.iroga3d.com\/wp-content\/uploads\/2025\/12\/TARJETA-2.webp 1020w, https:\/\/www.iroga3d.com\/wp-content\/uploads\/2025\/12\/TARJETA-2-300x169.webp 300w, https:\/\/www.iroga3d.com\/wp-content\/uploads\/2025\/12\/TARJETA-2-768x432.webp 768w, https:\/\/www.iroga3d.com\/wp-content\/uploads\/2025\/12\/TARJETA-2-18x10.webp 18w, https:\/\/www.iroga3d.com\/wp-content\/uploads\/2025\/12\/TARJETA-2-500x281.webp 500w\" sizes=\"(max-width: 1020px) 100vw, 1020px\" \/><\/p>\n<p><img decoding=\"async\" class=\"alignnone size-full wp-image-4313\" src=\"https:\/\/www.iroga3d.com\/wp-content\/uploads\/2025\/12\/TARJETA-3.webp\" alt=\"\" width=\"1020\" height=\"574\" srcset=\"https:\/\/www.iroga3d.com\/wp-content\/uploads\/2025\/12\/TARJETA-3.webp 1020w, https:\/\/www.iroga3d.com\/wp-content\/uploads\/2025\/12\/TARJETA-3-300x169.webp 300w, https:\/\/www.iroga3d.com\/wp-content\/uploads\/2025\/12\/TARJETA-3-768x432.webp 768w, https:\/\/www.iroga3d.com\/wp-content\/uploads\/2025\/12\/TARJETA-3-18x10.webp 18w, https:\/\/www.iroga3d.com\/wp-content\/uploads\/2025\/12\/TARJETA-3-500x281.webp 500w\" sizes=\"(max-width: 1020px) 100vw, 1020px\" \/><\/p>\n<p>Sin embargo, con conexi\u00f3n WIFI, solo podemos usar la tarjeta SD, en este caso, no se recomienda usar el lector, ya que la conexi\u00f3n WIFI no lo reconoce. Si bien la tarjeta SD es un accesorio peque\u00f1o, es fundamental para el almacenamiento y la transferencia de archivos. Esta tarjeta SD y su lector se ofrecen junto con la impresora de letreros 3D de IROGA.<\/p>\n<p><img loading=\"lazy\" decoding=\"async\" class=\"alignnone size-full wp-image-4314\" src=\"https:\/\/www.iroga3d.com\/wp-content\/uploads\/2025\/12\/TARJETA-4.webp\" alt=\"\" width=\"1020\" height=\"574\" srcset=\"https:\/\/www.iroga3d.com\/wp-content\/uploads\/2025\/12\/TARJETA-4.webp 1020w, https:\/\/www.iroga3d.com\/wp-content\/uploads\/2025\/12\/TARJETA-4-300x169.webp 300w, https:\/\/www.iroga3d.com\/wp-content\/uploads\/2025\/12\/TARJETA-4-768x432.webp 768w, https:\/\/www.iroga3d.com\/wp-content\/uploads\/2025\/12\/TARJETA-4-18x10.webp 18w, https:\/\/www.iroga3d.com\/wp-content\/uploads\/2025\/12\/TARJETA-4-500x281.webp 500w\" sizes=\"(max-width: 1020px) 100vw, 1020px\" \/><\/p>\n<p><img loading=\"lazy\" decoding=\"async\" class=\"alignnone size-full wp-image-4315\" src=\"https:\/\/www.iroga3d.com\/wp-content\/uploads\/2025\/12\/TARJETA-5.webp\" alt=\"\" width=\"1020\" height=\"574\" srcset=\"https:\/\/www.iroga3d.com\/wp-content\/uploads\/2025\/12\/TARJETA-5.webp 1020w, https:\/\/www.iroga3d.com\/wp-content\/uploads\/2025\/12\/TARJETA-5-300x169.webp 300w, https:\/\/www.iroga3d.com\/wp-content\/uploads\/2025\/12\/TARJETA-5-768x432.webp 768w, https:\/\/www.iroga3d.com\/wp-content\/uploads\/2025\/12\/TARJETA-5-18x10.webp 18w, https:\/\/www.iroga3d.com\/wp-content\/uploads\/2025\/12\/TARJETA-5-500x281.webp 500w\" sizes=\"(max-width: 1020px) 100vw, 1020px\" \/><\/p>\n<p><img loading=\"lazy\" decoding=\"async\" class=\"alignnone size-full wp-image-4316\" src=\"https:\/\/www.iroga3d.com\/wp-content\/uploads\/2025\/12\/TARJETA-6.webp\" alt=\"\" width=\"1020\" height=\"574\" srcset=\"https:\/\/www.iroga3d.com\/wp-content\/uploads\/2025\/12\/TARJETA-6.webp 1020w, https:\/\/www.iroga3d.com\/wp-content\/uploads\/2025\/12\/TARJETA-6-300x169.webp 300w, https:\/\/www.iroga3d.com\/wp-content\/uploads\/2025\/12\/TARJETA-6-768x432.webp 768w, https:\/\/www.iroga3d.com\/wp-content\/uploads\/2025\/12\/TARJETA-6-18x10.webp 18w, https:\/\/www.iroga3d.com\/wp-content\/uploads\/2025\/12\/TARJETA-6-500x281.webp 500w\" sizes=\"(max-width: 1020px) 100vw, 1020px\" \/><\/p>\n<p>&nbsp;<\/p>\n<h3>Accesorios Gratuitos de La Impresora 3D para Letreros de IROGA<\/h3>\n\n<table id=\"tablepress-4\" class=\"tablepress tablepress-id-4\">\n<thead>\n<tr class=\"row-1\">\n\t<th class=\"column-1\"><\/th><th class=\"column-2\"><\/th><th class=\"column-3\"><\/th>\n<\/tr>\n<\/thead>\n<tbody class=\"row-striping row-hover\">\n<tr class=\"row-2\">\n\t<td class=\"column-1\"><strong>Nombre de Accesorio<\/strong><\/td><td class=\"column-2\"><strong>Cantidad<\/strong><\/td><td class=\"column-3\"><strong>Unidad<\/strong><\/td>\n<\/tr>\n<tr class=\"row-3\">\n\t<td class=\"column-1\">  Pegamento de Plataforma<\/td><td class=\"column-2\">2<\/td><td class=\"column-3\">Botella<\/td>\n<\/tr>\n<tr class=\"row-4\">\n\t<td class=\"column-1\">  Boquilla de 0.6 mm \/ 0.8 mm<\/td><td class=\"column-2\">5<\/td><td class=\"column-3\">Pieza<\/td>\n<\/tr>\n<tr class=\"row-5\">\n\t<td class=\"column-1\">  Tarjeta SD<\/td><td class=\"column-2\">1<\/td><td class=\"column-3\">Pieza<\/td>\n<\/tr>\n<tr class=\"row-6\">\n\t<td class=\"column-1\">  Lector de Tarjeta SD<\/td><td class=\"column-2\">1<\/td><td class=\"column-3\">Pieza<\/td>\n<\/tr>\n<tr class=\"row-7\">\n\t<td class=\"column-1\">  Dongle para Software de Corte<\/td><td class=\"column-2\">1<\/td><td class=\"column-3\">Pieza<\/td>\n<\/tr>\n<tr class=\"row-8\">\n\t<td class=\"column-1\">  Tubo de Hierro<\/td><td class=\"column-2\">1<\/td><td class=\"column-3\">Pieza<\/td>\n<\/tr>\n<tr class=\"row-9\">\n\t<td class=\"column-1\">  Tubo de Tefl\u00f3n<\/td><td class=\"column-2\">1<\/td><td class=\"column-3\">Pieza<\/td>\n<\/tr>\n<tr class=\"row-10\">\n\t<td class=\"column-1\">  L\u00ednea de Control de Temperatura<\/td><td class=\"column-2\">1<\/td><td class=\"column-3\">Unidad<\/td>\n<\/tr>\n<tr class=\"row-11\">\n\t<td class=\"column-1\">  Calentador<\/td><td class=\"column-2\">1<\/td><td class=\"column-3\">Unidad<\/td>\n<\/tr>\n<tr class=\"row-12\">\n\t<td class=\"column-1\">  Llaves Allen<\/td><td class=\"column-2\">1<\/td><td class=\"column-3\">Unidad<\/td>\n<\/tr>\n<tr class=\"row-13\">\n\t<td class=\"column-1\">  Destornillador Phillips<\/td><td class=\"column-2\">1<\/td><td class=\"column-3\">Pieza<\/td>\n<\/tr>\n<tr class=\"row-14\">\n\t<td class=\"column-1\">  Llave de Tubo N. 7<\/td><td class=\"column-2\">1<\/td><td class=\"column-3\">Pieza<\/td>\n<\/tr>\n<\/tbody>\n<tfoot>\n<tr class=\"row-15\">\n\t<th class=\"column-1\"><\/th><th class=\"column-2\"><\/th><th class=\"column-3\"><\/th>\n<\/tr>\n<\/tfoot>\n<\/table>\n<!-- #tablepress-4 from cache -->\n<p>&nbsp;<\/p>\n<p><iframe title=\"Printing Test\" width=\"1020\" height=\"574\" src=\"https:\/\/www.youtube.com\/embed\/oxTFqWsL1NM?feature=oembed\" frameborder=\"0\" allow=\"accelerometer; autoplay; clipboard-write; encrypted-media; gyroscope; picture-in-picture; web-share\" referrerpolicy=\"strict-origin-when-cross-origin\" allowfullscreen><\/iframe><\/p>\n<p>&nbsp;<\/p>","protected":false},"excerpt":{"rendered":"<p><strong>Nombre de Producto:<\/strong> Tarjeta SD y Lector de Tarjeta SD<\/p>\n<p><strong>Modelo de Producto:<\/strong> TARJETA<\/p>\n<p><strong>Nombre de Marca:<\/strong> IROGA 3D<\/p>\n<p><strong>Color de Lector de Tarjeta SD:<\/strong> Negro<\/p>\n<p><strong>Color de Tarjeta SD:<\/strong> Azul<\/p>\n<p><strong>Material:<\/strong> Pl\u00e1stica<\/p>\n<p><strong>Espacio de Almacenamiento:<\/strong> 8 GB<\/p>\n<p><strong>Aplicaci\u00f3n:<\/strong> Almacenamiento de Archivos de Impresi\u00f3n 3D<\/p>","protected":false},"featured_media":4341,"comment_status":"closed","ping_status":"closed","template":"","meta":[],"product_cat":[18],"product_tag":[],"class_list":{"0":"post-174","1":"product","2":"type-product","3":"status-publish","4":"has-post-thumbnail","6":"product_cat-3d-printer-accessory","8":"first","9":"instock","10":"featured","11":"shipping-taxable","12":"product-type-simple"},"_links":{"self":[{"href":"https:\/\/www.iroga3d.com\/es\/wp-json\/wp\/v2\/product\/174","targetHints":{"allow":["GET"]}}],"collection":[{"href":"https:\/\/www.iroga3d.com\/es\/wp-json\/wp\/v2\/product"}],"about":[{"href":"https:\/\/www.iroga3d.com\/es\/wp-json\/wp\/v2\/types\/product"}],"replies":[{"embeddable":true,"href":"https:\/\/www.iroga3d.com\/es\/wp-json\/wp\/v2\/comments?post=174"}],"version-history":[{"count":5,"href":"https:\/\/www.iroga3d.com\/es\/wp-json\/wp\/v2\/product\/174\/revisions"}],"predecessor-version":[{"id":4355,"href":"https:\/\/www.iroga3d.com\/es\/wp-json\/wp\/v2\/product\/174\/revisions\/4355"}],"wp:featuredmedia":[{"embeddable":true,"href":"https:\/\/www.iroga3d.com\/es\/wp-json\/wp\/v2\/media\/4341"}],"wp:attachment":[{"href":"https:\/\/www.iroga3d.com\/es\/wp-json\/wp\/v2\/media?parent=174"}],"wp:term":[{"taxonomy":"product_cat","embeddable":true,"href":"https:\/\/www.iroga3d.com\/es\/wp-json\/wp\/v2\/product_cat?post=174"},{"taxonomy":"product_tag","embeddable":true,"href":"https:\/\/www.iroga3d.com\/es\/wp-json\/wp\/v2\/product_tag?post=174"}],"curies":[{"name":"wp","href":"https:\/\/api.w.org\/{rel}","templated":true}]}}