{"id":172,"date":"2017-04-28T13:10:29","date_gmt":"2017-04-28T13:10:29","guid":{"rendered":"http:\/\/f.fobwp.com\/?post_type=product&#038;p=172"},"modified":"2026-01-15T19:31:07","modified_gmt":"2026-01-15T11:31:07","slug":"platform-glue-of-3d-sign-printer","status":"publish","type":"product","link":"https:\/\/www.iroga3d.com\/es\/producto\/platform-glue-of-3d-sign-printer\/","title":{"rendered":"Pegamento de Plataforma para Impresora de Letreros 3D"},"content":{"rendered":"<h2>Pegamento de Plataforma para Impresora de Letreros 3D<\/h2>\n<p>&nbsp;<\/p>\n<h3>Informaci\u00f3n B\u00e1sica del Pegamento de Plataforma<\/h3>\n<p>Este es el pegamento para la plataforma de impresora 3D de se\u00f1alizaci\u00f3n. Es necesario extender el pegamento sobre la plataforma (cama de impresi\u00f3n) antes de imprimir. Se trata de una soluci\u00f3n adhesiva para productos de impresi\u00f3n. El pegamento se volver\u00e1 pegajoso cuando la temperatura de la plataforma alcance los 40 - 50 \u00b0C. Sin este pegamento, los productos de impresi\u00f3n no se podr\u00e1n adherir a la plataforma, lo que provocar\u00e1 un fallo en la impresi\u00f3n 3D.<\/p>\n<p><img fetchpriority=\"high\" decoding=\"async\" class=\"alignnone size-full wp-image-4306\" src=\"https:\/\/www.iroga3d.com\/wp-content\/uploads\/2025\/12\/PEGAMENTO-1.webp\" alt=\"\" width=\"1020\" height=\"574\" srcset=\"https:\/\/www.iroga3d.com\/wp-content\/uploads\/2025\/12\/PEGAMENTO-1.webp 1020w, https:\/\/www.iroga3d.com\/wp-content\/uploads\/2025\/12\/PEGAMENTO-1-300x169.webp 300w, https:\/\/www.iroga3d.com\/wp-content\/uploads\/2025\/12\/PEGAMENTO-1-768x432.webp 768w, https:\/\/www.iroga3d.com\/wp-content\/uploads\/2025\/12\/PEGAMENTO-1-18x10.webp 18w, https:\/\/www.iroga3d.com\/wp-content\/uploads\/2025\/12\/PEGAMENTO-1-500x281.webp 500w\" sizes=\"(max-width: 1020px) 100vw, 1020px\" \/><\/p>\n<p><img decoding=\"async\" class=\"alignnone size-full wp-image-4307\" src=\"https:\/\/www.iroga3d.com\/wp-content\/uploads\/2025\/12\/PEGAMENTO-2.webp\" alt=\"\" width=\"1020\" height=\"574\" srcset=\"https:\/\/www.iroga3d.com\/wp-content\/uploads\/2025\/12\/PEGAMENTO-2.webp 1020w, https:\/\/www.iroga3d.com\/wp-content\/uploads\/2025\/12\/PEGAMENTO-2-300x169.webp 300w, https:\/\/www.iroga3d.com\/wp-content\/uploads\/2025\/12\/PEGAMENTO-2-768x432.webp 768w, https:\/\/www.iroga3d.com\/wp-content\/uploads\/2025\/12\/PEGAMENTO-2-18x10.webp 18w, https:\/\/www.iroga3d.com\/wp-content\/uploads\/2025\/12\/PEGAMENTO-2-500x281.webp 500w\" sizes=\"(max-width: 1020px) 100vw, 1020px\" \/><\/p>\n<p><img decoding=\"async\" class=\"alignnone size-full wp-image-4308\" src=\"https:\/\/www.iroga3d.com\/wp-content\/uploads\/2025\/12\/PEGAMENTO-3.webp\" alt=\"\" width=\"1020\" height=\"574\" srcset=\"https:\/\/www.iroga3d.com\/wp-content\/uploads\/2025\/12\/PEGAMENTO-3.webp 1020w, https:\/\/www.iroga3d.com\/wp-content\/uploads\/2025\/12\/PEGAMENTO-3-300x169.webp 300w, https:\/\/www.iroga3d.com\/wp-content\/uploads\/2025\/12\/PEGAMENTO-3-768x432.webp 768w, https:\/\/www.iroga3d.com\/wp-content\/uploads\/2025\/12\/PEGAMENTO-3-18x10.webp 18w, https:\/\/www.iroga3d.com\/wp-content\/uploads\/2025\/12\/PEGAMENTO-3-500x281.webp 500w\" sizes=\"(max-width: 1020px) 100vw, 1020px\" \/><\/p>\n<p>Es importante asegurarse de que la plataforma est\u00e9 cubierta de pegamento antes de imprimir. Una capa de pegamento uniformemente distribuida facilita la adhesi\u00f3n de los productos a la plataforma durante la impresi\u00f3n, evitando deformaciones y ondulaciones. Al aplicar el pegamento, aseg\u00farese de extenderlo por toda el \u00e1rea donde desea que la boquilla imprima y de que la plataforma est\u00e9 fr\u00eda antes de retirarla.<\/p>\n<p><img loading=\"lazy\" decoding=\"async\" class=\"alignnone size-full wp-image-4309\" src=\"https:\/\/www.iroga3d.com\/wp-content\/uploads\/2025\/12\/PEGAMENTO-4.webp\" alt=\"\" width=\"1020\" height=\"574\" srcset=\"https:\/\/www.iroga3d.com\/wp-content\/uploads\/2025\/12\/PEGAMENTO-4.webp 1020w, https:\/\/www.iroga3d.com\/wp-content\/uploads\/2025\/12\/PEGAMENTO-4-300x169.webp 300w, https:\/\/www.iroga3d.com\/wp-content\/uploads\/2025\/12\/PEGAMENTO-4-768x432.webp 768w, https:\/\/www.iroga3d.com\/wp-content\/uploads\/2025\/12\/PEGAMENTO-4-18x10.webp 18w, https:\/\/www.iroga3d.com\/wp-content\/uploads\/2025\/12\/PEGAMENTO-4-500x281.webp 500w\" sizes=\"(max-width: 1020px) 100vw, 1020px\" \/><\/p>\n<p><img loading=\"lazy\" decoding=\"async\" class=\"alignnone size-full wp-image-4310\" src=\"https:\/\/www.iroga3d.com\/wp-content\/uploads\/2025\/12\/PEGAMENTO-5.webp\" alt=\"\" width=\"1020\" height=\"574\" srcset=\"https:\/\/www.iroga3d.com\/wp-content\/uploads\/2025\/12\/PEGAMENTO-5.webp 1020w, https:\/\/www.iroga3d.com\/wp-content\/uploads\/2025\/12\/PEGAMENTO-5-300x169.webp 300w, https:\/\/www.iroga3d.com\/wp-content\/uploads\/2025\/12\/PEGAMENTO-5-768x432.webp 768w, https:\/\/www.iroga3d.com\/wp-content\/uploads\/2025\/12\/PEGAMENTO-5-18x10.webp 18w, https:\/\/www.iroga3d.com\/wp-content\/uploads\/2025\/12\/PEGAMENTO-5-500x281.webp 500w\" sizes=\"(max-width: 1020px) 100vw, 1020px\" \/><\/p>\n<p><img loading=\"lazy\" decoding=\"async\" class=\"alignnone size-full wp-image-4311\" src=\"https:\/\/www.iroga3d.com\/wp-content\/uploads\/2025\/12\/PEGAMENTO-6.webp\" alt=\"\" width=\"1020\" height=\"574\" srcset=\"https:\/\/www.iroga3d.com\/wp-content\/uploads\/2025\/12\/PEGAMENTO-6.webp 1020w, https:\/\/www.iroga3d.com\/wp-content\/uploads\/2025\/12\/PEGAMENTO-6-300x169.webp 300w, https:\/\/www.iroga3d.com\/wp-content\/uploads\/2025\/12\/PEGAMENTO-6-768x432.webp 768w, https:\/\/www.iroga3d.com\/wp-content\/uploads\/2025\/12\/PEGAMENTO-6-18x10.webp 18w, https:\/\/www.iroga3d.com\/wp-content\/uploads\/2025\/12\/PEGAMENTO-6-500x281.webp 500w\" sizes=\"(max-width: 1020px) 100vw, 1020px\" \/><\/p>\n<p>&nbsp;<\/p>\n<h3>Accesorios Gratuitos de La Impresora 3D para Letreros de IROGA<\/h3>\n\n<table id=\"tablepress-4\" class=\"tablepress tablepress-id-4\">\n<thead>\n<tr class=\"row-1\">\n\t<th class=\"column-1\"><\/th><th class=\"column-2\"><\/th><th class=\"column-3\"><\/th>\n<\/tr>\n<\/thead>\n<tbody class=\"row-striping row-hover\">\n<tr class=\"row-2\">\n\t<td class=\"column-1\"><strong>Nombre de Accesorio<\/strong><\/td><td class=\"column-2\"><strong>Cantidad<\/strong><\/td><td class=\"column-3\"><strong>Unidad<\/strong><\/td>\n<\/tr>\n<tr class=\"row-3\">\n\t<td class=\"column-1\">  Pegamento de Plataforma<\/td><td class=\"column-2\">2<\/td><td class=\"column-3\">Botella<\/td>\n<\/tr>\n<tr class=\"row-4\">\n\t<td class=\"column-1\">  Boquilla de 0.6 mm \/ 0.8 mm<\/td><td class=\"column-2\">5<\/td><td class=\"column-3\">Pieza<\/td>\n<\/tr>\n<tr class=\"row-5\">\n\t<td class=\"column-1\">  Tarjeta SD<\/td><td class=\"column-2\">1<\/td><td class=\"column-3\">Pieza<\/td>\n<\/tr>\n<tr class=\"row-6\">\n\t<td class=\"column-1\">  Lector de Tarjeta SD<\/td><td class=\"column-2\">1<\/td><td class=\"column-3\">Pieza<\/td>\n<\/tr>\n<tr class=\"row-7\">\n\t<td class=\"column-1\">  Dongle para Software de Corte<\/td><td class=\"column-2\">1<\/td><td class=\"column-3\">Pieza<\/td>\n<\/tr>\n<tr class=\"row-8\">\n\t<td class=\"column-1\">  Tubo de Hierro<\/td><td class=\"column-2\">1<\/td><td class=\"column-3\">Pieza<\/td>\n<\/tr>\n<tr class=\"row-9\">\n\t<td class=\"column-1\">  Tubo de Tefl\u00f3n<\/td><td class=\"column-2\">1<\/td><td class=\"column-3\">Pieza<\/td>\n<\/tr>\n<tr class=\"row-10\">\n\t<td class=\"column-1\">  L\u00ednea de Control de Temperatura<\/td><td class=\"column-2\">1<\/td><td class=\"column-3\">Unidad<\/td>\n<\/tr>\n<tr class=\"row-11\">\n\t<td class=\"column-1\">  Calentador<\/td><td class=\"column-2\">1<\/td><td class=\"column-3\">Unidad<\/td>\n<\/tr>\n<tr class=\"row-12\">\n\t<td class=\"column-1\">  Llaves Allen<\/td><td class=\"column-2\">1<\/td><td class=\"column-3\">Unidad<\/td>\n<\/tr>\n<tr class=\"row-13\">\n\t<td class=\"column-1\">  Destornillador Phillips<\/td><td class=\"column-2\">1<\/td><td class=\"column-3\">Pieza<\/td>\n<\/tr>\n<tr class=\"row-14\">\n\t<td class=\"column-1\">  Llave de Tubo N. 7<\/td><td class=\"column-2\">1<\/td><td class=\"column-3\">Pieza<\/td>\n<\/tr>\n<\/tbody>\n<tfoot>\n<tr class=\"row-15\">\n\t<th class=\"column-1\"><\/th><th class=\"column-2\"><\/th><th class=\"column-3\"><\/th>\n<\/tr>\n<\/tfoot>\n<\/table>\n<!-- #tablepress-4 from cache -->\n<p>&nbsp;<\/p>\n<p><iframe title=\"Glue Spreading for 3D Signage Printer #3dprinter #3dsignage\" width=\"1020\" height=\"574\" src=\"https:\/\/www.youtube.com\/embed\/tgnNOQN7QLU?feature=oembed\" frameborder=\"0\" allow=\"accelerometer; autoplay; clipboard-write; encrypted-media; gyroscope; picture-in-picture; web-share\" referrerpolicy=\"strict-origin-when-cross-origin\" allowfullscreen><\/iframe><\/p>\n<p>&nbsp;<\/p>","protected":false},"excerpt":{"rendered":"<p><strong>Nombre de Producto:<\/strong> Pegamento de Plataforma<\/p>\n<p><strong>Modelo de Producto:<\/strong> PEGAMENTO<\/p>\n<p><strong>Nombre de Marca:<\/strong> IROGA 3D<\/p>\n<p><strong>Color:<\/strong> Blanco<\/p>\n<p><strong>Peso Neto:<\/strong> 1 KG<\/p>\n<p><strong>Peso Bruto:<\/strong> 1.25 KG<\/p>\n<p><strong>Aplicaci\u00f3n:<\/strong> Difusi\u00f3n en La Plataforma de Impresoras 3D<\/p>","protected":false},"featured_media":4334,"comment_status":"closed","ping_status":"closed","template":"","meta":[],"product_cat":[18],"product_tag":[],"class_list":{"0":"post-172","1":"product","2":"type-product","3":"status-publish","4":"has-post-thumbnail","6":"product_cat-3d-printer-accessory","8":"first","9":"instock","10":"featured","11":"shipping-taxable","12":"product-type-simple"},"_links":{"self":[{"href":"https:\/\/www.iroga3d.com\/es\/wp-json\/wp\/v2\/product\/172","targetHints":{"allow":["GET"]}}],"collection":[{"href":"https:\/\/www.iroga3d.com\/es\/wp-json\/wp\/v2\/product"}],"about":[{"href":"https:\/\/www.iroga3d.com\/es\/wp-json\/wp\/v2\/types\/product"}],"replies":[{"embeddable":true,"href":"https:\/\/www.iroga3d.com\/es\/wp-json\/wp\/v2\/comments?post=172"}],"version-history":[{"count":5,"href":"https:\/\/www.iroga3d.com\/es\/wp-json\/wp\/v2\/product\/172\/revisions"}],"predecessor-version":[{"id":4521,"href":"https:\/\/www.iroga3d.com\/es\/wp-json\/wp\/v2\/product\/172\/revisions\/4521"}],"wp:featuredmedia":[{"embeddable":true,"href":"https:\/\/www.iroga3d.com\/es\/wp-json\/wp\/v2\/media\/4334"}],"wp:attachment":[{"href":"https:\/\/www.iroga3d.com\/es\/wp-json\/wp\/v2\/media?parent=172"}],"wp:term":[{"taxonomy":"product_cat","embeddable":true,"href":"https:\/\/www.iroga3d.com\/es\/wp-json\/wp\/v2\/product_cat?post=172"},{"taxonomy":"product_tag","embeddable":true,"href":"https:\/\/www.iroga3d.com\/es\/wp-json\/wp\/v2\/product_tag?post=172"}],"curies":[{"name":"wp","href":"https:\/\/api.w.org\/{rel}","templated":true}]}}