{"id":167,"date":"2018-04-28T13:02:14","date_gmt":"2018-04-28T05:02:14","guid":{"rendered":"http:\/\/f.fobwp.com\/?post_type=product&#038;p=167"},"modified":"2026-03-31T14:36:07","modified_gmt":"2026-03-31T06:36:07","slug":"double-layer-shelf-for-3d-printers-and-advertising-machines","status":"publish","type":"product","link":"https:\/\/www.iroga3d.com\/es\/producto\/double-layer-shelf-for-3d-printers-and-advertising-machines\/","title":{"rendered":"Estante de Doble Capa para Impresoras 3D y M\u00e1quinas Publicitarias"},"content":{"rendered":"<h2>Estante de Doble Capa para Impresoras 3D y M\u00e1quinas Publicitarias<\/h2>\n<p class=\"translation-block\">Es un estante de doble capa dise\u00f1ado no solo para <a href=\"https:\/\/www.iroga3d.com\/es\/categoria-producto\/3d-sign-printer\/\" target=\"_self\">impresoras de letreros 3D<\/a>, <a href=\"https:\/\/www.iroga3d.com\/es\/categoria-producto\/3d-printing-filament\/\" target=\"_self\">filamentos de impresi\u00f3n 3D<\/a>, <a href=\"https:\/\/www.iroga3d.com\/es\/categoria-producto\/3d-printed-signage\/\" target=\"_self\">letreros impresos en 3D<\/a>, sino tambi\u00e9n para otras m\u00e1quinas o productos diferentes, como m\u00e1quinas publicitarias y materiales publicitarios. Este estante para impresora 3D puede cargar m\u00e1s m\u00e1quinas o productos en la misma habitaci\u00f3n, como resultado, puede ayudarnos a ahorrar el valioso espacio de trabajo significativamente, especialmente en las grandes ciudades donde los terrenos y las casas son muy caros, mientras tanto, puede ayudarnos a hacer el trabajo m\u00e1s conveniente porque podemos permanecer en un solo lugar para operar diferentes m\u00e1quinas. Hay 18 barras de aleaci\u00f3n de aluminio y 40 piezas de accesorios de ensamblaje en total, y se env\u00edan en un paquete plano dentro de una caja de madera, por lo que debemos ensamblarlos de acuerdo con esta instrucci\u00f3n de <a href=\"https:\/\/www.iroga3d.com\/es\/how-to-assemble-a-3d-printer-shelf\/\" target=\"_self\">c\u00f3mo ensamblar un estante para impresora 3D<\/a>.<\/p>\n<p><img fetchpriority=\"high\" decoding=\"async\" class=\"size-full wp-image-4728\" src=\"https:\/\/www.iroga3d.com\/wp-content\/uploads\/2026\/03\/Step-1-Gray-Background.webp\" alt=\"Aluminium Alloy Bars for 3D Printer Shelf\" width=\"1020\" height=\"574\" srcset=\"https:\/\/www.iroga3d.com\/wp-content\/uploads\/2026\/03\/Step-1-Gray-Background.webp 1020w, https:\/\/www.iroga3d.com\/wp-content\/uploads\/2026\/03\/Step-1-Gray-Background-300x169.webp 300w, https:\/\/www.iroga3d.com\/wp-content\/uploads\/2026\/03\/Step-1-Gray-Background-768x432.webp 768w, https:\/\/www.iroga3d.com\/wp-content\/uploads\/2026\/03\/Step-1-Gray-Background-18x10.webp 18w, https:\/\/www.iroga3d.com\/wp-content\/uploads\/2026\/03\/Step-1-Gray-Background-500x281.webp 500w\" sizes=\"(max-width: 1020px) 100vw, 1020px\" \/><\/p>\n<p><img decoding=\"async\" class=\"size-full wp-image-4726\" src=\"https:\/\/www.iroga3d.com\/wp-content\/uploads\/2026\/03\/Step-2-Gray-Background.webp\" alt=\"Assembling Accessories for 3D Printer Shelf\" width=\"1020\" height=\"574\" srcset=\"https:\/\/www.iroga3d.com\/wp-content\/uploads\/2026\/03\/Step-2-Gray-Background.webp 1020w, https:\/\/www.iroga3d.com\/wp-content\/uploads\/2026\/03\/Step-2-Gray-Background-300x169.webp 300w, https:\/\/www.iroga3d.com\/wp-content\/uploads\/2026\/03\/Step-2-Gray-Background-768x432.webp 768w, https:\/\/www.iroga3d.com\/wp-content\/uploads\/2026\/03\/Step-2-Gray-Background-18x10.webp 18w, https:\/\/www.iroga3d.com\/wp-content\/uploads\/2026\/03\/Step-2-Gray-Background-500x281.webp 500w\" sizes=\"(max-width: 1020px) 100vw, 1020px\" \/><\/p>\n<p><img decoding=\"async\" class=\"size-full wp-image-4727\" src=\"https:\/\/www.iroga3d.com\/wp-content\/uploads\/2026\/03\/Step-10-Gray-Background.webp\" alt=\"Double Layer Shelf for 3D Printing Machines\" width=\"1020\" height=\"574\" srcset=\"https:\/\/www.iroga3d.com\/wp-content\/uploads\/2026\/03\/Step-10-Gray-Background.webp 1020w, https:\/\/www.iroga3d.com\/wp-content\/uploads\/2026\/03\/Step-10-Gray-Background-300x169.webp 300w, https:\/\/www.iroga3d.com\/wp-content\/uploads\/2026\/03\/Step-10-Gray-Background-768x432.webp 768w, https:\/\/www.iroga3d.com\/wp-content\/uploads\/2026\/03\/Step-10-Gray-Background-18x10.webp 18w, https:\/\/www.iroga3d.com\/wp-content\/uploads\/2026\/03\/Step-10-Gray-Background-500x281.webp 500w\" sizes=\"(max-width: 1020px) 100vw, 1020px\" \/><\/p>\n<p class=\"translation-block\">La dimensi\u00f3n ensamblada sin encimeras de madera es de 1700 x 1480 x 980 mm. En el caso de ESTANTE-B, debe comprar o fabricar las encimeras de madera usted mismo. Podemos cargar un MITO-80 en la capa superior y otro MITO-80 en la inferior, o podemos cargar un MITO-120 en la capa superior y un MITO-80 en la inferior, o podemos cargar un MITO-120 en la capa superior y un poco de filamento de impresi\u00f3n 3D en la capa inferior. Si ya hemos ensamblado el <a href=\"https:\/\/www.iroga3d.com\/es\/categoria-producto\/3d-printer-shelf\/\" target=\"_self\">estante de la impresora 3D<\/a>, entonces es mejor saber <a href=\"https:\/\/www.iroga3d.com\/es\/how-to-use-3d-printer-shelf-appropriately\/\" target=\"_self\">c\u00f3mo utilizar correctamente el estante para impresora 3D<\/a>. Este es el mejor compa\u00f1ero para <a href=\"https:\/\/www.iroga3d.com\/es\/categoria-producto\/3d-sign-printer\/\" target=\"_self\">impresoras de letreros 3D<\/a> y otras m\u00e1quinas publicitarias, como m\u00e1quinas de impresi\u00f3n plana, m\u00e1quinas de curado UV, m\u00e1quinas de grabado, m\u00e1quinas de corte, m\u00e1quinas de soldadura, etc.<\/p>\n<p><img loading=\"lazy\" decoding=\"async\" class=\"alignnone size-full wp-image-4106\" src=\"https:\/\/www.iroga3d.com\/wp-content\/uploads\/2025\/12\/3D-Printer-Shelf-B-4.jpg\" alt=\"\" width=\"1020\" height=\"574\" srcset=\"https:\/\/www.iroga3d.com\/wp-content\/uploads\/2025\/12\/3D-Printer-Shelf-B-4.jpg 1020w, https:\/\/www.iroga3d.com\/wp-content\/uploads\/2025\/12\/3D-Printer-Shelf-B-4-300x169.jpg 300w, https:\/\/www.iroga3d.com\/wp-content\/uploads\/2025\/12\/3D-Printer-Shelf-B-4-768x432.jpg 768w, https:\/\/www.iroga3d.com\/wp-content\/uploads\/2025\/12\/3D-Printer-Shelf-B-4-18x10.jpg 18w, https:\/\/www.iroga3d.com\/wp-content\/uploads\/2025\/12\/3D-Printer-Shelf-B-4-500x281.jpg 500w\" sizes=\"(max-width: 1020px) 100vw, 1020px\" \/><\/p>\n<p><img loading=\"lazy\" decoding=\"async\" class=\"alignnone size-full wp-image-4107\" src=\"https:\/\/www.iroga3d.com\/wp-content\/uploads\/2025\/12\/3D-Printer-Shelf-B-5.jpg\" alt=\"\" width=\"1020\" height=\"574\" srcset=\"https:\/\/www.iroga3d.com\/wp-content\/uploads\/2025\/12\/3D-Printer-Shelf-B-5.jpg 1020w, https:\/\/www.iroga3d.com\/wp-content\/uploads\/2025\/12\/3D-Printer-Shelf-B-5-300x169.jpg 300w, https:\/\/www.iroga3d.com\/wp-content\/uploads\/2025\/12\/3D-Printer-Shelf-B-5-768x432.jpg 768w, https:\/\/www.iroga3d.com\/wp-content\/uploads\/2025\/12\/3D-Printer-Shelf-B-5-18x10.jpg 18w, https:\/\/www.iroga3d.com\/wp-content\/uploads\/2025\/12\/3D-Printer-Shelf-B-5-500x281.jpg 500w\" sizes=\"(max-width: 1020px) 100vw, 1020px\" \/><\/p>\n<p><img loading=\"lazy\" decoding=\"async\" class=\"alignnone size-full wp-image-4108\" src=\"https:\/\/www.iroga3d.com\/wp-content\/uploads\/2025\/12\/3D-Printer-Shelf-B-6.jpg\" alt=\"\" width=\"1020\" height=\"574\" srcset=\"https:\/\/www.iroga3d.com\/wp-content\/uploads\/2025\/12\/3D-Printer-Shelf-B-6.jpg 1020w, https:\/\/www.iroga3d.com\/wp-content\/uploads\/2025\/12\/3D-Printer-Shelf-B-6-300x169.jpg 300w, https:\/\/www.iroga3d.com\/wp-content\/uploads\/2025\/12\/3D-Printer-Shelf-B-6-768x432.jpg 768w, https:\/\/www.iroga3d.com\/wp-content\/uploads\/2025\/12\/3D-Printer-Shelf-B-6-18x10.jpg 18w, https:\/\/www.iroga3d.com\/wp-content\/uploads\/2025\/12\/3D-Printer-Shelf-B-6-500x281.jpg 500w\" sizes=\"(max-width: 1020px) 100vw, 1020px\" \/><\/p>\n<p>&nbsp;<\/p>\n\n<table id=\"tablepress-10\" class=\"tablepress tablepress-id-10\">\n<thead>\n<tr class=\"row-1\">\n\t<th class=\"column-1\"><\/th><th class=\"column-2\"><\/th><th class=\"column-3\"><\/th>\n<\/tr>\n<\/thead>\n<tbody class=\"row-striping row-hover\">\n<tr class=\"row-2\">\n\t<td class=\"column-1\">\u00cdtem<\/td><td class=\"column-2\">ESTANTE-A<\/td><td class=\"column-3\">ESTANTE-B<\/td>\n<\/tr>\n<tr class=\"row-3\">\n\t<td class=\"column-1\">Componente<\/td><td class=\"column-2\">Barras de Aleaci\u00f3n de Aluminio y Encimeras de Madera<\/td><td class=\"column-3\">Solo Barras de Aleaci\u00f3n de Aluminio<\/td>\n<\/tr>\n<tr class=\"row-4\">\n\t<td class=\"column-1\">Tama\u00f1o de Paquete<\/td><td class=\"column-2\">1670 x 840 x 310 MM<\/td><td class=\"column-3\">1600 x 300 x 300 MM<\/td>\n<\/tr>\n<tr class=\"row-5\">\n\t<td class=\"column-1\">Tama\u00f1o Ensamblado<\/td><td class=\"column-2\">1700 x 1480 x 998 MM<\/td><td class=\"column-3\">1700 x 1480 x 980 MM<\/td>\n<\/tr>\n<tr class=\"row-6\">\n\t<td class=\"column-1\">M\u00e9todo de Paquete<\/td><td class=\"column-2\">Paquete Plano<\/td><td class=\"column-3\">Paquete Plano<\/td>\n<\/tr>\n<tr class=\"row-7\">\n\t<td class=\"column-1\">Cantidad de Paquete Plano<\/td><td class=\"column-2\">2 Paquetes<\/td><td class=\"column-3\">1 Paquete<\/td>\n<\/tr>\n<tr class=\"row-8\">\n\t<td class=\"column-1\">Volumen de Paquete Plano<\/td><td class=\"column-2\">0.44 CBM<\/td><td class=\"column-3\">0.15 CBM<\/td>\n<\/tr>\n<tr class=\"row-9\">\n\t<td class=\"column-1\">Peso Neto<\/td><td class=\"column-2\">118.7 KG<\/td><td class=\"column-3\">56.4 KG<\/td>\n<\/tr>\n<tr class=\"row-10\">\n\t<td class=\"column-1\">Peso Bruto<\/td><td class=\"column-2\">134 KG<\/td><td class=\"column-3\">64 KG<\/td>\n<\/tr>\n<tr class=\"row-11\">\n\t<td class=\"column-1\">Cantidad de Capas<\/td><td class=\"column-2\">Dos Capas<\/td><td class=\"column-3\">Dos Capas<\/td>\n<\/tr>\n<tr class=\"row-12\">\n\t<td class=\"column-1\">Funci\u00f3n<\/td><td class=\"column-2\">Para Ahorrar Espacio de Trabajo<\/td><td class=\"column-3\">Para Ahorrar Espacio de Trabajo<\/td>\n<\/tr>\n<\/tbody>\n<tfoot>\n<tr class=\"row-13\">\n\t<th class=\"column-1\"><\/th><th class=\"column-2\"><\/th><th class=\"column-3\"><\/th>\n<\/tr>\n<\/tfoot>\n<\/table>\n<!-- #tablepress-10 from cache -->\n<p>&nbsp;<\/p>\n<p><img loading=\"lazy\" decoding=\"async\" class=\"alignnone size-full wp-image-4109\" src=\"https:\/\/www.iroga3d.com\/wp-content\/uploads\/2025\/12\/3D-Printer-Shelf-B-7.jpg\" alt=\"\" width=\"1020\" height=\"574\" srcset=\"https:\/\/www.iroga3d.com\/wp-content\/uploads\/2025\/12\/3D-Printer-Shelf-B-7.jpg 1020w, https:\/\/www.iroga3d.com\/wp-content\/uploads\/2025\/12\/3D-Printer-Shelf-B-7-300x169.jpg 300w, https:\/\/www.iroga3d.com\/wp-content\/uploads\/2025\/12\/3D-Printer-Shelf-B-7-768x432.jpg 768w, https:\/\/www.iroga3d.com\/wp-content\/uploads\/2025\/12\/3D-Printer-Shelf-B-7-18x10.jpg 18w, https:\/\/www.iroga3d.com\/wp-content\/uploads\/2025\/12\/3D-Printer-Shelf-B-7-500x281.jpg 500w\" sizes=\"(max-width: 1020px) 100vw, 1020px\" \/><\/p>\n<p><img loading=\"lazy\" decoding=\"async\" class=\"alignnone size-full wp-image-4092\" src=\"https:\/\/www.iroga3d.com\/wp-content\/uploads\/2025\/12\/3D-Printer-Shelf-B-8.jpg\" alt=\"\" width=\"1020\" height=\"574\" srcset=\"https:\/\/www.iroga3d.com\/wp-content\/uploads\/2025\/12\/3D-Printer-Shelf-B-8.jpg 1020w, https:\/\/www.iroga3d.com\/wp-content\/uploads\/2025\/12\/3D-Printer-Shelf-B-8-300x169.jpg 300w, https:\/\/www.iroga3d.com\/wp-content\/uploads\/2025\/12\/3D-Printer-Shelf-B-8-768x432.jpg 768w, https:\/\/www.iroga3d.com\/wp-content\/uploads\/2025\/12\/3D-Printer-Shelf-B-8-18x10.jpg 18w, https:\/\/www.iroga3d.com\/wp-content\/uploads\/2025\/12\/3D-Printer-Shelf-B-8-500x281.jpg 500w\" sizes=\"(max-width: 1020px) 100vw, 1020px\" \/><\/p>\n<p><img loading=\"lazy\" decoding=\"async\" class=\"alignnone size-full wp-image-4093\" src=\"https:\/\/www.iroga3d.com\/wp-content\/uploads\/2025\/12\/3D-Printer-Shelf-B-9.jpg\" alt=\"\" width=\"1020\" height=\"574\" srcset=\"https:\/\/www.iroga3d.com\/wp-content\/uploads\/2025\/12\/3D-Printer-Shelf-B-9.jpg 1020w, https:\/\/www.iroga3d.com\/wp-content\/uploads\/2025\/12\/3D-Printer-Shelf-B-9-300x169.jpg 300w, https:\/\/www.iroga3d.com\/wp-content\/uploads\/2025\/12\/3D-Printer-Shelf-B-9-768x432.jpg 768w, https:\/\/www.iroga3d.com\/wp-content\/uploads\/2025\/12\/3D-Printer-Shelf-B-9-18x10.jpg 18w, https:\/\/www.iroga3d.com\/wp-content\/uploads\/2025\/12\/3D-Printer-Shelf-B-9-500x281.jpg 500w\" sizes=\"(max-width: 1020px) 100vw, 1020px\" \/><\/p>\n<p>&nbsp;<\/p>\n\n<table id=\"tablepress-1\" class=\"tablepress tablepress-id-1\">\n<thead>\n<tr class=\"row-1\">\n\t<th class=\"column-1\"><\/th><th class=\"column-2\"><\/th><th class=\"column-3\"><\/th>\n<\/tr>\n<\/thead>\n<tbody class=\"row-striping row-hover\">\n<tr class=\"row-2\">\n\t<td class=\"column-1\"><strong>\u00cdtem<\/strong><\/td><td class=\"column-2\"><strong>MITO-80<\/strong><\/td><td class=\"column-3\"><strong>MITO-120<\/strong><\/td>\n<\/tr>\n<tr class=\"row-3\">\n\t<td class=\"column-1\">Idioma de Interfaz<\/td><td class=\"column-2\">EN \/ ES \/ FR \/ IT \/ RU \/ CN<\/td><td class=\"column-3\">EN \/ ES \/ FR \/ IT \/ RU \/ CN<\/td>\n<\/tr>\n<tr class=\"row-4\">\n\t<td class=\"column-1\">Tama\u00f1o de Paquete<\/td><td class=\"column-2\">1390 x 1340 x 870 MM<\/td><td class=\"column-3\">1800 x 1700 x 870 MM<\/td>\n<\/tr>\n<tr class=\"row-5\">\n\t<td class=\"column-1\">Tama\u00f1o de Impresora<\/td><td class=\"column-2\">1230 x 1100 x 700 MM<\/td><td class=\"column-3\">1630 x 1500 x 700 MM<\/td>\n<\/tr>\n<tr class=\"row-6\">\n\t<td class=\"column-1\">Tama\u00f1o M\u00e1ximo de Impresi\u00f3n<\/td><td class=\"column-2\">800 x 800 x 90 MM<\/td><td class=\"column-3\">1200 x 1200 x 90 MM<\/td>\n<\/tr>\n<tr class=\"row-7\">\n\t<td class=\"column-1\">Peso Neto \/ Peso Bruto<\/td><td class=\"column-2\">95 KG \/ 140 KG<\/td><td class=\"column-3\">130 KG \/ 195 KG<\/td>\n<\/tr>\n<tr class=\"row-8\">\n\t<td class=\"column-1\">Voltaje<\/td><td class=\"column-2\">110 V \/ 220 V<\/td><td class=\"column-3\">110 V \/ 220 V<\/td>\n<\/tr>\n<tr class=\"row-9\">\n\t<td class=\"column-1\">Potencia<\/td><td class=\"column-2\">720 W<\/td><td class=\"column-3\">1000 W<\/td>\n<\/tr>\n<tr class=\"row-10\">\n\t<td class=\"column-1\">Frecuencia<\/td><td class=\"column-2\">50 HZ \/ 60 HZ<\/td><td class=\"column-3\">50 HZ \/ 60 HZ<\/td>\n<\/tr>\n<tr class=\"row-11\">\n\t<td class=\"column-1\">Modo de Impresi\u00f3n<\/td><td class=\"column-2\">FDM (Modelado por Deposici\u00f3n Fundida)<\/td><td class=\"column-3\">FDM (Modelado por Deposici\u00f3n Fundida)<\/td>\n<\/tr>\n<tr class=\"row-12\">\n\t<td class=\"column-1\">Velocidad de Impresi\u00f3n<\/td><td class=\"column-2\">30 ~ 100 MM\/S<\/td><td class=\"column-3\">30 ~ 100 MM\/S<\/td>\n<\/tr>\n<tr class=\"row-13\">\n\t<td class=\"column-1\">Temperatura de La Plataforma<\/td><td class=\"column-2\">50 \u2103<\/td><td class=\"column-3\">50 \u2103<\/td>\n<\/tr>\n<tr class=\"row-14\">\n\t<td class=\"column-1\">Temperatura de La Boquilla<\/td><td class=\"column-2\">230 \u2103<\/td><td class=\"column-3\">230 \u2103<\/td>\n<\/tr>\n<tr class=\"row-15\">\n\t<td class=\"column-1\">Abertura de La Boquilla<\/td><td class=\"column-2\">0.6 MM \/ 0.8 MM<\/td><td class=\"column-3\">0.6 MM \/ 0.8 MM<\/td>\n<\/tr>\n<tr class=\"row-16\">\n\t<td class=\"column-1\">Filamento Compatible<\/td><td class=\"column-2\">PLA \/ PETG \/ ASA \/ ABS<\/td><td class=\"column-3\">PLA \/ PETG \/ ASA \/ ABS<\/td>\n<\/tr>\n<tr class=\"row-17\">\n\t<td class=\"column-1\">Di\u00e1metro del Filamento<\/td><td class=\"column-2\">1.75 MM<\/td><td class=\"column-3\">1.75 MM<\/td>\n<\/tr>\n<tr class=\"row-18\">\n\t<td class=\"column-1\">Cantidad de Filamentos Instalados<\/td><td class=\"column-2\">3 Rollos<\/td><td class=\"column-3\">3 Rollos<\/td>\n<\/tr>\n<tr class=\"row-19\">\n\t<td class=\"column-1\">C\u00f3digo HS<\/td><td class=\"column-2\">8485200000<\/td><td class=\"column-3\">8485200000<\/td>\n<\/tr>\n<\/tbody>\n<tfoot>\n<tr class=\"row-20\">\n\t<th class=\"column-1\"><\/th><th class=\"column-2\"><\/th><th class=\"column-3\"><\/th>\n<\/tr>\n<\/tfoot>\n<\/table>\n<!-- #tablepress-1 from cache -->\n<p>&nbsp;<\/p>\n<p><iframe title=\"Assembling of 3D Printer Shelf\" width=\"1020\" height=\"574\" src=\"https:\/\/www.youtube.com\/embed\/QOPtJxbl-wc?feature=oembed\" frameborder=\"0\" allow=\"accelerometer; autoplay; clipboard-write; encrypted-media; gyroscope; picture-in-picture; web-share\" referrerpolicy=\"strict-origin-when-cross-origin\" allowfullscreen><\/iframe><\/p>\n<p>&nbsp;<\/p>","protected":false},"excerpt":{"rendered":"<p><strong>Nombre de Producto:<\/strong> Estante para Impresora 3D<\/p>\n<p><strong>Modelo de Producto:<\/strong> ESTANTE-B<\/p>\n<p><strong>Nombre de Marca:<\/strong> IROGA 3D<\/p>\n<p><strong>Material:<\/strong> Aluminium Alloy<\/p>\n<p><strong>Tama\u00f1o Ensamblado:<\/strong> 1700 x 1480 x 980 MM<\/p>\n<p><strong>M\u00e9todo de Paquete:<\/strong> Paquete Plano<\/p>\n<p><strong>Cantidad de Paquete Plano:<\/strong> 1 Paquete<\/p>\n<p><strong>Volumen de Paquete Plano:<\/strong> 0.15 CBM<\/p>\n<p><strong>Peso Neto:<\/strong> 56.4 KG<\/p>\n<p><strong>Peso Bruto:<\/strong> 64 KG<\/p>\n<p><strong>Cantidad de Capas:<\/strong> Dos Capas<\/p>\n<p><strong>Funci\u00f3n:<\/strong> Para Ahorrar Espacio de Trabajo<\/p>","protected":false},"featured_media":4283,"comment_status":"closed","ping_status":"closed","template":"","meta":[],"product_cat":[19],"product_tag":[],"class_list":{"0":"post-167","1":"product","2":"type-product","3":"status-publish","4":"has-post-thumbnail","6":"product_cat-3d-printer-shelf","8":"first","9":"instock","10":"featured","11":"shipping-taxable","12":"product-type-simple"},"_links":{"self":[{"href":"https:\/\/www.iroga3d.com\/es\/wp-json\/wp\/v2\/product\/167","targetHints":{"allow":["GET"]}}],"collection":[{"href":"https:\/\/www.iroga3d.com\/es\/wp-json\/wp\/v2\/product"}],"about":[{"href":"https:\/\/www.iroga3d.com\/es\/wp-json\/wp\/v2\/types\/product"}],"replies":[{"embeddable":true,"href":"https:\/\/www.iroga3d.com\/es\/wp-json\/wp\/v2\/comments?post=167"}],"version-history":[{"count":17,"href":"https:\/\/www.iroga3d.com\/es\/wp-json\/wp\/v2\/product\/167\/revisions"}],"predecessor-version":[{"id":4733,"href":"https:\/\/www.iroga3d.com\/es\/wp-json\/wp\/v2\/product\/167\/revisions\/4733"}],"wp:featuredmedia":[{"embeddable":true,"href":"https:\/\/www.iroga3d.com\/es\/wp-json\/wp\/v2\/media\/4283"}],"wp:attachment":[{"href":"https:\/\/www.iroga3d.com\/es\/wp-json\/wp\/v2\/media?parent=167"}],"wp:term":[{"taxonomy":"product_cat","embeddable":true,"href":"https:\/\/www.iroga3d.com\/es\/wp-json\/wp\/v2\/product_cat?post=167"},{"taxonomy":"product_tag","embeddable":true,"href":"https:\/\/www.iroga3d.com\/es\/wp-json\/wp\/v2\/product_tag?post=167"}],"curies":[{"name":"wp","href":"https:\/\/api.w.org\/{rel}","templated":true}]}}